{"id":85025,"date":"2026-04-10T13:15:50","date_gmt":"2026-04-10T10:15:50","guid":{"rendered":"https:\/\/freshgarbage.fi\/tuote\/geese-getting-killed\/"},"modified":"2026-04-10T13:15:50","modified_gmt":"2026-04-10T10:15:50","slug":"geese-getting-killed","status":"publish","type":"product","link":"https:\/\/freshgarbage.fi\/en\/product\/geese-getting-killed\/","title":{"rendered":"Geese \u2013 Getting Killed"},"content":{"rendered":"","protected":false},"excerpt":{"rendered":"<p>L\u00e4pin\u00e4kyv\u00e4 kirkas levy.<\/p>\n<p>A1 Trinidad 3:44<br \/>\nA2 Cobra 3:05<br \/>\nA3 Husbands 4:08<br \/>\nA4 Getting Killed 4:44<br \/>\nA5 Islands Of Men 5:54<br \/>\nB1 100 Horses 3:46<br \/>\nB2 Half Real 3:22<br \/>\nB3 Au Pays Du Cocaine 3:30<br \/>\nB4 Bow Down 3:28<br \/>\nB5 Taxes 3:17<br \/>\nB6 Long Island City Here I Come 6:37<\/p>\n","protected":false},"featured_media":84973,"template":"","meta":{"_acf_changed":false},"product_brand":[],"product_cat":[130,107],"product_tag":[],"class_list":{"0":"post-85025","1":"product","2":"type-product","3":"status-publish","4":"has-post-thumbnail","6":"product_cat-alternative-indie-rock","7":"product_cat-new","8":"pa_formaatti-lp-en","9":"pa_kaytetty-uusi-new","11":"first","12":"instock","13":"taxable","14":"shipping-taxable","15":"purchasable","16":"product-type-simple"},"acf":[],"_links":{"self":[{"href":"https:\/\/freshgarbage.fi\/en\/wp-json\/wp\/v2\/product\/85025","targetHints":{"allow":["GET"]}}],"collection":[{"href":"https:\/\/freshgarbage.fi\/en\/wp-json\/wp\/v2\/product"}],"about":[{"href":"https:\/\/freshgarbage.fi\/en\/wp-json\/wp\/v2\/types\/product"}],"wp:featuredmedia":[{"embeddable":true,"href":"https:\/\/freshgarbage.fi\/en\/wp-json\/wp\/v2\/media\/84973"}],"wp:attachment":[{"href":"https:\/\/freshgarbage.fi\/en\/wp-json\/wp\/v2\/media?parent=85025"}],"wp:term":[{"taxonomy":"product_brand","embeddable":true,"href":"https:\/\/freshgarbage.fi\/en\/wp-json\/wp\/v2\/product_brand?post=85025"},{"taxonomy":"product_cat","embeddable":true,"href":"https:\/\/freshgarbage.fi\/en\/wp-json\/wp\/v2\/product_cat?post=85025"},{"taxonomy":"product_tag","embeddable":true,"href":"https:\/\/freshgarbage.fi\/en\/wp-json\/wp\/v2\/product_tag?post=85025"}],"curies":[{"name":"wp","href":"https:\/\/api.w.org\/{rel}","templated":true}]}}