{"id":85024,"date":"2026-04-10T13:19:08","date_gmt":"2026-04-10T10:19:08","guid":{"rendered":"https:\/\/freshgarbage.fi\/tuote\/geese-3d-country\/"},"modified":"2026-04-10T13:19:08","modified_gmt":"2026-04-10T10:19:08","slug":"geese-3d-country","status":"publish","type":"product","link":"https:\/\/freshgarbage.fi\/en\/product\/geese-3d-country\/","title":{"rendered":"Geese \u2013 3D Country"},"content":{"rendered":"","protected":false},"excerpt":{"rendered":"<p>L\u00e4pin\u00e4kyv\u00e4 kirkas levy.<\/p>\n<p>A1 2122 3:53<br \/>\nA2 3D Country 5:12<br \/>\nA3 Cowboy Nudes 2:50<br \/>\nA4 I See Myself 3:00<br \/>\nA5 Undoer 6:59<br \/>\nB1 Crusades 2:38<br \/>\nB2 Gravity Blues 4:01<br \/>\nB3 Mysterious Love 3:16<br \/>\nB4 Domoto 3:48<br \/>\nB5 Tomorrow&#8217;s Crusades 4:32<br \/>\nB6 St. Elmo 3:19<\/p>\n","protected":false},"featured_media":84975,"template":"","meta":{"_acf_changed":false},"product_brand":[],"product_cat":[130,107],"product_tag":[],"class_list":{"0":"post-85024","1":"product","2":"type-product","3":"status-publish","4":"has-post-thumbnail","6":"product_cat-alternative-indie-rock","7":"product_cat-new","8":"pa_formaatti-lp-en","9":"pa_kaytetty-uusi-new","11":"first","12":"instock","13":"taxable","14":"shipping-taxable","15":"purchasable","16":"product-type-simple"},"acf":[],"_links":{"self":[{"href":"https:\/\/freshgarbage.fi\/en\/wp-json\/wp\/v2\/product\/85024","targetHints":{"allow":["GET"]}}],"collection":[{"href":"https:\/\/freshgarbage.fi\/en\/wp-json\/wp\/v2\/product"}],"about":[{"href":"https:\/\/freshgarbage.fi\/en\/wp-json\/wp\/v2\/types\/product"}],"wp:featuredmedia":[{"embeddable":true,"href":"https:\/\/freshgarbage.fi\/en\/wp-json\/wp\/v2\/media\/84975"}],"wp:attachment":[{"href":"https:\/\/freshgarbage.fi\/en\/wp-json\/wp\/v2\/media?parent=85024"}],"wp:term":[{"taxonomy":"product_brand","embeddable":true,"href":"https:\/\/freshgarbage.fi\/en\/wp-json\/wp\/v2\/product_brand?post=85024"},{"taxonomy":"product_cat","embeddable":true,"href":"https:\/\/freshgarbage.fi\/en\/wp-json\/wp\/v2\/product_cat?post=85024"},{"taxonomy":"product_tag","embeddable":true,"href":"https:\/\/freshgarbage.fi\/en\/wp-json\/wp\/v2\/product_tag?post=85024"}],"curies":[{"name":"wp","href":"https:\/\/api.w.org\/{rel}","templated":true}]}}