{"id":84842,"date":"2026-04-09T18:00:05","date_gmt":"2026-04-09T15:00:05","guid":{"rendered":"https:\/\/freshgarbage.fi\/tuote\/kuusumun-profeetta-atelofobialainen-maalaus\/"},"modified":"2026-04-09T18:00:05","modified_gmt":"2026-04-09T15:00:05","slug":"kuusumun-profeetta-atelofobialainen-maalaus","status":"publish","type":"product","link":"https:\/\/freshgarbage.fi\/en\/product\/kuusumun-profeetta-atelofobialainen-maalaus\/","title":{"rendered":"Kuusumun Profeetta \u2013 Atelofobialainen maalaus"},"content":{"rendered":"","protected":false},"excerpt":{"rendered":"<p>2LP.<\/p>\n<p>Yli kolmenkymmenen vuoden ajan Kuusumun Profeetta \u2013 alkuper\u00e4iselt\u00e4 nimelt\u00e4\u00e4n Moon Fog Prophet \u2013 on luonut vivahteikasta ja mielikuvituksellista musiikkia, jonka elementtein\u00e4 on kuultu folkia, jazzia, klassista rockia, progressiivista rockia ja psykedeelisi\u00e4 s\u00e4vyj\u00e4.<\/p>\n<p>Kuulija saattaa mielenlaadustaan riippuen havaita yhtyeen uudella albumilla ja koko uralla h\u00e4iv\u00e4hdyksi\u00e4 esimerkiksi sellaisilta artisteilta kuin Pekka Streng, Nick Drake, Aphrodite\u2019s Child, Soft Machine, King Crimson ja Blue \u00d6yster Cult.<\/p>\n","protected":false},"featured_media":84658,"template":"","meta":{"_acf_changed":false},"product_brand":[],"product_cat":[120,107,113],"product_tag":[],"class_list":{"0":"post-84842","1":"product","2":"type-product","3":"status-publish","4":"has-post-thumbnail","6":"product_cat-finnish","7":"product_cat-new","8":"product_cat-progressive-rock-krautrock-en","9":"pa_formaatti-lp-en","10":"pa_kaytetty-uusi-new","12":"first","13":"instock","14":"taxable","15":"shipping-taxable","16":"purchasable","17":"product-type-simple"},"acf":[],"_links":{"self":[{"href":"https:\/\/freshgarbage.fi\/en\/wp-json\/wp\/v2\/product\/84842","targetHints":{"allow":["GET"]}}],"collection":[{"href":"https:\/\/freshgarbage.fi\/en\/wp-json\/wp\/v2\/product"}],"about":[{"href":"https:\/\/freshgarbage.fi\/en\/wp-json\/wp\/v2\/types\/product"}],"wp:featuredmedia":[{"embeddable":true,"href":"https:\/\/freshgarbage.fi\/en\/wp-json\/wp\/v2\/media\/84658"}],"wp:attachment":[{"href":"https:\/\/freshgarbage.fi\/en\/wp-json\/wp\/v2\/media?parent=84842"}],"wp:term":[{"taxonomy":"product_brand","embeddable":true,"href":"https:\/\/freshgarbage.fi\/en\/wp-json\/wp\/v2\/product_brand?post=84842"},{"taxonomy":"product_cat","embeddable":true,"href":"https:\/\/freshgarbage.fi\/en\/wp-json\/wp\/v2\/product_cat?post=84842"},{"taxonomy":"product_tag","embeddable":true,"href":"https:\/\/freshgarbage.fi\/en\/wp-json\/wp\/v2\/product_tag?post=84842"}],"curies":[{"name":"wp","href":"https:\/\/api.w.org\/{rel}","templated":true}]}}