{"id":84841,"date":"2026-04-09T18:00:45","date_gmt":"2026-04-09T15:00:45","guid":{"rendered":"https:\/\/freshgarbage.fi\/tuote\/radiopuhelimet-kuolemaa-karkuun\/"},"modified":"2026-04-09T18:00:45","modified_gmt":"2026-04-09T15:00:45","slug":"radiopuhelimet-kuolemaa-karkuun","status":"publish","type":"product","link":"https:\/\/freshgarbage.fi\/en\/product\/radiopuhelimet-kuolemaa-karkuun\/","title":{"rendered":"Radiopuhelimet \u2013 Kuolemaa karkuun 2007-2023"},"content":{"rendered":"","protected":false},"excerpt":{"rendered":"<p>2LP.<\/p>\n<p>Radiopuhelimien kokoelma laittaa yhteen b\u00e4ndin viimeiset 20 vuotta. Kokoelma sis\u00e4lt\u00e4\u00e4 uudelleenmasteroituja biisej\u00e4 kuudelta pitk\u00e4soitolta (Viisi t\u00e4hte\u00e4, Radiopuhelimet rakastaa sinua, Ei kenenk\u00e4\u00e4n maa, Saastan kaipuu, Kosminen tiedottomuus ja S\/T) ja tarinan yhteisist\u00e4 vuosista If Societyn talli-is\u00e4nn\u00e4n n\u00e4k\u00f6kulmasta.<\/p>\n<p>Kokoelma Kuolemaa karkuun koostuu Radiopuhelimien If Societylle levytt\u00e4mien kappaleiden uudelleenmasteroiduista, entist\u00e4kin \u00e4rh\u00e4k\u00e4mmist\u00e4 versioista. Masteroinnista vastaa b\u00e4ndille vuosikymmeni\u00e4 studiot\u00f6it\u00e4 tehnyt, Deep Turtlestakin tuttu Pentti Dassum. Kokoelman kuratoinnista, yhteens\u00e4 24 biisin valinnasta, vastaa levy-yhti\u00f6pomo Mikko Heikkonen, joka on my\u00f6s kirjoittanut levyn liitteen\u00e4 tulevan tarinan b\u00e4ndin ja levy-yhti\u00f6n yhteisist\u00e4 vuosista.<\/p>\n<p>1. Kamennogorsk?<br \/>\n2. Luonto on mystinen<br \/>\n3. Kuolemaa karkuun<br \/>\n4. Kvanttidisko<br \/>\n5. Vankifarmilla<br \/>\n6. Kirjeit\u00e4 keskiluokasta<br \/>\n7. Viisi t\u00e4hte\u00e4<br \/>\n8. Globaali anaali<br \/>\n9. Kilju<br \/>\n10. Harmaata<br \/>\n11. Lappaj\u00e4rvi -75<br \/>\n12. Jumalan nimeen<\/p>\n<p>13. Joskus olen leivonnainen<br \/>\n14. Salaisuus<br \/>\n15. Pitk\u00e4\u00e4n liukuun<br \/>\n16. Mestari on poissa<br \/>\n17. Naapuri<br \/>\n18. Omistettu<br \/>\n19. Hullumagneetti<br \/>\n20. Hauki puhuu<br \/>\n21. Y\u00f6 kun saatiin p\u00e4\u00e4t\u00f6kseen<br \/>\n22. Ei kenenk\u00e4\u00e4n maa<br \/>\n23. Supertietoisuus<br \/>\n24. Kylm\u00e4\u00e4 hike\u00e4<\/p>\n","protected":false},"featured_media":84784,"template":"","meta":{"_acf_changed":false},"product_brand":[],"product_cat":[120,107],"product_tag":[],"class_list":{"0":"post-84841","1":"product","2":"type-product","3":"status-publish","4":"has-post-thumbnail","6":"product_cat-finnish","7":"product_cat-new","8":"pa_formaatti-lp-en","9":"pa_kaytetty-uusi-new","11":"first","12":"instock","13":"taxable","14":"shipping-taxable","15":"purchasable","16":"product-type-simple"},"acf":[],"_links":{"self":[{"href":"https:\/\/freshgarbage.fi\/en\/wp-json\/wp\/v2\/product\/84841","targetHints":{"allow":["GET"]}}],"collection":[{"href":"https:\/\/freshgarbage.fi\/en\/wp-json\/wp\/v2\/product"}],"about":[{"href":"https:\/\/freshgarbage.fi\/en\/wp-json\/wp\/v2\/types\/product"}],"wp:featuredmedia":[{"embeddable":true,"href":"https:\/\/freshgarbage.fi\/en\/wp-json\/wp\/v2\/media\/84784"}],"wp:attachment":[{"href":"https:\/\/freshgarbage.fi\/en\/wp-json\/wp\/v2\/media?parent=84841"}],"wp:term":[{"taxonomy":"product_brand","embeddable":true,"href":"https:\/\/freshgarbage.fi\/en\/wp-json\/wp\/v2\/product_brand?post=84841"},{"taxonomy":"product_cat","embeddable":true,"href":"https:\/\/freshgarbage.fi\/en\/wp-json\/wp\/v2\/product_cat?post=84841"},{"taxonomy":"product_tag","embeddable":true,"href":"https:\/\/freshgarbage.fi\/en\/wp-json\/wp\/v2\/product_tag?post=84841"}],"curies":[{"name":"wp","href":"https:\/\/api.w.org\/{rel}","templated":true}]}}