{"id":84522,"date":"2026-04-06T14:41:50","date_gmt":"2026-04-06T11:41:50","guid":{"rendered":"https:\/\/freshgarbage.fi\/?post_type=product&#038;p=84522"},"modified":"2026-04-06T14:41:51","modified_gmt":"2026-04-06T11:41:51","slug":"vader-de-profundis","status":"publish","type":"product","link":"https:\/\/freshgarbage.fi\/en\/product\/vader-de-profundis\/","title":{"rendered":"Vader \u2013 De Profundis"},"content":{"rendered":"","protected":false},"excerpt":{"rendered":"<p>L\u00e4pin\u00e4kyv\u00e4 keltainen levy.<\/p>\n<p>A1 Silent Empire 4:03<br \/>\nA2 An Act Of Darkness 1:56<br \/>\nA3 Blood Of Kingu 4:39<br \/>\nA4 Incarnation 3:08<br \/>\nA5 Sothis 3:42<br \/>\nB1 Revolt 3:36<br \/>\nB2 Of Moon, Blood, Dream And Me 3:51<br \/>\nB3 Vision And The Voice 3:29<br \/>\nB4 Reborn In Flames 5:40<\/p>\n","protected":false},"featured_media":84523,"template":"","meta":{"_acf_changed":false},"product_brand":[],"product_cat":[118,107],"product_tag":[],"class_list":{"0":"post-84522","1":"product","2":"type-product","3":"status-publish","4":"has-post-thumbnail","6":"product_cat-metal-en","7":"product_cat-new","8":"pa_formaatti-lp-en","9":"pa_kaytetty-uusi-new","11":"first","12":"instock","13":"taxable","14":"shipping-taxable","15":"purchasable","16":"product-type-simple"},"acf":[],"_links":{"self":[{"href":"https:\/\/freshgarbage.fi\/en\/wp-json\/wp\/v2\/product\/84522","targetHints":{"allow":["GET"]}}],"collection":[{"href":"https:\/\/freshgarbage.fi\/en\/wp-json\/wp\/v2\/product"}],"about":[{"href":"https:\/\/freshgarbage.fi\/en\/wp-json\/wp\/v2\/types\/product"}],"wp:featuredmedia":[{"embeddable":true,"href":"https:\/\/freshgarbage.fi\/en\/wp-json\/wp\/v2\/media\/84523"}],"wp:attachment":[{"href":"https:\/\/freshgarbage.fi\/en\/wp-json\/wp\/v2\/media?parent=84522"}],"wp:term":[{"taxonomy":"product_brand","embeddable":true,"href":"https:\/\/freshgarbage.fi\/en\/wp-json\/wp\/v2\/product_brand?post=84522"},{"taxonomy":"product_cat","embeddable":true,"href":"https:\/\/freshgarbage.fi\/en\/wp-json\/wp\/v2\/product_cat?post=84522"},{"taxonomy":"product_tag","embeddable":true,"href":"https:\/\/freshgarbage.fi\/en\/wp-json\/wp\/v2\/product_tag?post=84522"}],"curies":[{"name":"wp","href":"https:\/\/api.w.org\/{rel}","templated":true}]}}