{"id":84385,"date":"2026-03-19T11:45:25","date_gmt":"2026-03-19T09:45:25","guid":{"rendered":"https:\/\/freshgarbage.fi\/tuote\/kinghorse-kinghorse\/"},"modified":"2026-03-19T11:45:25","modified_gmt":"2026-03-19T09:45:25","slug":"kinghorse-kinghorse","status":"publish","type":"product","link":"https:\/\/freshgarbage.fi\/en\/product\/kinghorse-kinghorse\/","title":{"rendered":"Kinghorse \u2013 Kinghorse"},"content":{"rendered":"","protected":false},"excerpt":{"rendered":"<p>Alkuper\u00e4inen Eurooppa-painos.<\/p>\n<p>Levyss\u00e4 hieman kevytt\u00e4 sis\u00e4pussihankaumaa\/hiusj\u00e4lke\u00e4, mutta soi hienosti EX. Takakannen yl\u00e4laidassa pintarepe\u00e4m\u00e4\u00e4.<\/p>\n","protected":false},"featured_media":83864,"template":"","meta":{"_acf_changed":false},"product_brand":[],"product_cat":[124],"product_tag":[],"class_list":{"0":"post-84385","1":"product","2":"type-product","3":"status-publish","4":"has-post-thumbnail","6":"product_cat-hard-rock-heavy-en","7":"pa_formaatti-lp-en","8":"pa_kaytetty-uusi-2nd-hand","10":"first","11":"instock","12":"shipping-taxable","13":"purchasable","14":"product-type-simple"},"acf":[],"_links":{"self":[{"href":"https:\/\/freshgarbage.fi\/en\/wp-json\/wp\/v2\/product\/84385","targetHints":{"allow":["GET"]}}],"collection":[{"href":"https:\/\/freshgarbage.fi\/en\/wp-json\/wp\/v2\/product"}],"about":[{"href":"https:\/\/freshgarbage.fi\/en\/wp-json\/wp\/v2\/types\/product"}],"wp:featuredmedia":[{"embeddable":true,"href":"https:\/\/freshgarbage.fi\/en\/wp-json\/wp\/v2\/media\/83864"}],"wp:attachment":[{"href":"https:\/\/freshgarbage.fi\/en\/wp-json\/wp\/v2\/media?parent=84385"}],"wp:term":[{"taxonomy":"product_brand","embeddable":true,"href":"https:\/\/freshgarbage.fi\/en\/wp-json\/wp\/v2\/product_brand?post=84385"},{"taxonomy":"product_cat","embeddable":true,"href":"https:\/\/freshgarbage.fi\/en\/wp-json\/wp\/v2\/product_cat?post=84385"},{"taxonomy":"product_tag","embeddable":true,"href":"https:\/\/freshgarbage.fi\/en\/wp-json\/wp\/v2\/product_tag?post=84385"}],"curies":[{"name":"wp","href":"https:\/\/api.w.org\/{rel}","templated":true}]}}