{"id":84380,"date":"2026-03-23T11:44:56","date_gmt":"2026-03-23T09:44:56","guid":{"rendered":"https:\/\/freshgarbage.fi\/tuote\/ville-leinonen-niko-ahvonen-2-leijonaa-lempi-maxi\/"},"modified":"2026-03-23T11:44:56","modified_gmt":"2026-03-23T09:44:56","slug":"ville-leinonen-niko-ahvonen-2-leijonaa-lempi-maxi","status":"publish","type":"product","link":"https:\/\/freshgarbage.fi\/en\/product\/ville-leinonen-niko-ahvonen-2-leijonaa-lempi-maxi\/","title":{"rendered":"Ville Leinonen &#038; Niko Ahvonen (2 Leijonaa) \u2013 Lempi MAXI"},"content":{"rendered":"","protected":false},"excerpt":{"rendered":"<p>Alkuper\u00e4inen painos.<\/p>\n<p>A1 Ville Leinonen \u2013 Sua Lemmin Kuin J\u00e4rjet\u00f6n M\u00e4 Oisin<br \/>\nA2 Forceman \u2013 Sentimental Dub<br \/>\nB1 Niko Ahvonen \u2013 Tri. Lempi<br \/>\nB2 Forceman \u2013 Melodica Healing Pt.3<\/p>\n","protected":false},"featured_media":84054,"template":"","meta":{"_acf_changed":false},"product_brand":[],"product_cat":[120,115],"product_tag":[],"class_list":{"0":"post-84380","1":"product","2":"type-product","3":"status-publish","4":"has-post-thumbnail","6":"product_cat-finnish","7":"product_cat-reggae-dub-dancehall-ska-en","8":"pa_formaatti-12-en","9":"pa_kaytetty-uusi-2nd-hand","11":"first","12":"instock","13":"shipping-taxable","14":"purchasable","15":"product-type-simple"},"acf":[],"_links":{"self":[{"href":"https:\/\/freshgarbage.fi\/en\/wp-json\/wp\/v2\/product\/84380","targetHints":{"allow":["GET"]}}],"collection":[{"href":"https:\/\/freshgarbage.fi\/en\/wp-json\/wp\/v2\/product"}],"about":[{"href":"https:\/\/freshgarbage.fi\/en\/wp-json\/wp\/v2\/types\/product"}],"wp:featuredmedia":[{"embeddable":true,"href":"https:\/\/freshgarbage.fi\/en\/wp-json\/wp\/v2\/media\/84054"}],"wp:attachment":[{"href":"https:\/\/freshgarbage.fi\/en\/wp-json\/wp\/v2\/media?parent=84380"}],"wp:term":[{"taxonomy":"product_brand","embeddable":true,"href":"https:\/\/freshgarbage.fi\/en\/wp-json\/wp\/v2\/product_brand?post=84380"},{"taxonomy":"product_cat","embeddable":true,"href":"https:\/\/freshgarbage.fi\/en\/wp-json\/wp\/v2\/product_cat?post=84380"},{"taxonomy":"product_tag","embeddable":true,"href":"https:\/\/freshgarbage.fi\/en\/wp-json\/wp\/v2\/product_tag?post=84380"}],"curies":[{"name":"wp","href":"https:\/\/api.w.org\/{rel}","templated":true}]}}