{"id":84377,"date":"2026-03-23T11:45:08","date_gmt":"2026-03-23T09:45:08","guid":{"rendered":"https:\/\/freshgarbage.fi\/tuote\/epidemic-the-truth-of-what-will-be-2\/"},"modified":"2026-03-23T11:45:08","modified_gmt":"2026-03-23T09:45:08","slug":"epidemic-the-truth-of-what-will-be-2","status":"publish","type":"product","link":"https:\/\/freshgarbage.fi\/en\/product\/epidemic-the-truth-of-what-will-be-2\/","title":{"rendered":"Epidemic \u2013 The Truth Of What Will Be"},"content":{"rendered":"","protected":false},"excerpt":{"rendered":"<p>Alkuper\u00e4inen ja ainoa vinyylipainos.<\/p>\n<p>Levyss\u00e4 sis\u00e4pussihankaumaa, mutta soi hienosti EX-. Kannen yl\u00e4saumassa parin sentin pintakuluma, mutta ei ole puhki.<\/p>\n","protected":false},"featured_media":84076,"template":"","meta":{"_acf_changed":false},"product_brand":[],"product_cat":[118],"product_tag":[],"class_list":{"0":"post-84377","1":"product","2":"type-product","3":"status-publish","4":"has-post-thumbnail","6":"product_cat-metal-en","7":"pa_formaatti-lp-en","8":"pa_kaytetty-uusi-2nd-hand","10":"first","11":"instock","12":"shipping-taxable","13":"purchasable","14":"product-type-simple"},"acf":[],"_links":{"self":[{"href":"https:\/\/freshgarbage.fi\/en\/wp-json\/wp\/v2\/product\/84377","targetHints":{"allow":["GET"]}}],"collection":[{"href":"https:\/\/freshgarbage.fi\/en\/wp-json\/wp\/v2\/product"}],"about":[{"href":"https:\/\/freshgarbage.fi\/en\/wp-json\/wp\/v2\/types\/product"}],"wp:featuredmedia":[{"embeddable":true,"href":"https:\/\/freshgarbage.fi\/en\/wp-json\/wp\/v2\/media\/84076"}],"wp:attachment":[{"href":"https:\/\/freshgarbage.fi\/en\/wp-json\/wp\/v2\/media?parent=84377"}],"wp:term":[{"taxonomy":"product_brand","embeddable":true,"href":"https:\/\/freshgarbage.fi\/en\/wp-json\/wp\/v2\/product_brand?post=84377"},{"taxonomy":"product_cat","embeddable":true,"href":"https:\/\/freshgarbage.fi\/en\/wp-json\/wp\/v2\/product_cat?post=84377"},{"taxonomy":"product_tag","embeddable":true,"href":"https:\/\/freshgarbage.fi\/en\/wp-json\/wp\/v2\/product_tag?post=84377"}],"curies":[{"name":"wp","href":"https:\/\/api.w.org\/{rel}","templated":true}]}}