{"id":84369,"date":"2026-03-23T11:45:30","date_gmt":"2026-03-23T09:45:30","guid":{"rendered":"https:\/\/freshgarbage.fi\/tuote\/tiny-tim-tiny-tims-2nd-album\/"},"modified":"2026-03-23T11:45:30","modified_gmt":"2026-03-23T09:45:30","slug":"tiny-tim-tiny-tims-2nd-album","status":"publish","type":"product","link":"https:\/\/freshgarbage.fi\/en\/product\/tiny-tim-tiny-tims-2nd-album\/","title":{"rendered":"Tiny Tim \u2013 Tiny Tim&#8217;s 2nd Album"},"content":{"rendered":"","protected":false},"excerpt":{"rendered":"<p>Alkuper\u00e4inen USA-painos.<\/p>\n<p>Kevytt\u00e4 j\u00e4lke\u00e4, siell\u00e4 t\u00e4\u00e4ll\u00e4 kevytt\u00e4 taustarahinaa, soi ilman suurempia ongelmia. Kansi muuten varsin siistin n\u00e4k\u00f6inen, mutta gatefoldin takaosan alareuna teipattu.<\/p>\n<p>&nbsp;<\/p>\n","protected":false},"featured_media":84048,"template":"","meta":{"_acf_changed":false},"product_brand":[],"product_cat":[116],"product_tag":[],"class_list":{"0":"post-84369","1":"product","2":"type-product","3":"status-publish","4":"has-post-thumbnail","6":"product_cat-rock-pop-en","7":"pa_formaatti-lp-en","8":"pa_kaytetty-uusi-2nd-hand","10":"first","11":"instock","12":"shipping-taxable","13":"purchasable","14":"product-type-simple"},"acf":[],"_links":{"self":[{"href":"https:\/\/freshgarbage.fi\/en\/wp-json\/wp\/v2\/product\/84369","targetHints":{"allow":["GET"]}}],"collection":[{"href":"https:\/\/freshgarbage.fi\/en\/wp-json\/wp\/v2\/product"}],"about":[{"href":"https:\/\/freshgarbage.fi\/en\/wp-json\/wp\/v2\/types\/product"}],"wp:featuredmedia":[{"embeddable":true,"href":"https:\/\/freshgarbage.fi\/en\/wp-json\/wp\/v2\/media\/84048"}],"wp:attachment":[{"href":"https:\/\/freshgarbage.fi\/en\/wp-json\/wp\/v2\/media?parent=84369"}],"wp:term":[{"taxonomy":"product_brand","embeddable":true,"href":"https:\/\/freshgarbage.fi\/en\/wp-json\/wp\/v2\/product_brand?post=84369"},{"taxonomy":"product_cat","embeddable":true,"href":"https:\/\/freshgarbage.fi\/en\/wp-json\/wp\/v2\/product_cat?post=84369"},{"taxonomy":"product_tag","embeddable":true,"href":"https:\/\/freshgarbage.fi\/en\/wp-json\/wp\/v2\/product_tag?post=84369"}],"curies":[{"name":"wp","href":"https:\/\/api.w.org\/{rel}","templated":true}]}}