{"id":84362,"date":"2026-03-23T11:45:51","date_gmt":"2026-03-23T09:45:51","guid":{"rendered":"https:\/\/freshgarbage.fi\/tuote\/dj-kridlokk-mutsi\/"},"modified":"2026-03-23T11:45:51","modified_gmt":"2026-03-23T09:45:51","slug":"dj-kridlokk-mutsi","status":"publish","type":"product","link":"https:\/\/freshgarbage.fi\/en\/product\/dj-kridlokk-mutsi\/","title":{"rendered":"DJ Kridlokk \u2013 Mutsi"},"content":{"rendered":"","protected":false},"excerpt":{"rendered":"<p>1. painos.<\/p>\n<p>Hieman hentoa sis\u00e4pussij\u00e4lke\u00e4, soi hienosti.<\/p>\n","protected":false},"featured_media":84066,"template":"","meta":{"_acf_changed":false},"product_brand":[],"product_cat":[120,123],"product_tag":[],"class_list":{"0":"post-84362","1":"product","2":"type-product","3":"status-publish","4":"has-post-thumbnail","6":"product_cat-finnish","7":"product_cat-hip-hop-rap-en","8":"pa_formaatti-lp-en","9":"pa_kaytetty-uusi-2nd-hand","11":"first","12":"instock","13":"shipping-taxable","14":"purchasable","15":"product-type-simple"},"acf":[],"_links":{"self":[{"href":"https:\/\/freshgarbage.fi\/en\/wp-json\/wp\/v2\/product\/84362","targetHints":{"allow":["GET"]}}],"collection":[{"href":"https:\/\/freshgarbage.fi\/en\/wp-json\/wp\/v2\/product"}],"about":[{"href":"https:\/\/freshgarbage.fi\/en\/wp-json\/wp\/v2\/types\/product"}],"wp:featuredmedia":[{"embeddable":true,"href":"https:\/\/freshgarbage.fi\/en\/wp-json\/wp\/v2\/media\/84066"}],"wp:attachment":[{"href":"https:\/\/freshgarbage.fi\/en\/wp-json\/wp\/v2\/media?parent=84362"}],"wp:term":[{"taxonomy":"product_brand","embeddable":true,"href":"https:\/\/freshgarbage.fi\/en\/wp-json\/wp\/v2\/product_brand?post=84362"},{"taxonomy":"product_cat","embeddable":true,"href":"https:\/\/freshgarbage.fi\/en\/wp-json\/wp\/v2\/product_cat?post=84362"},{"taxonomy":"product_tag","embeddable":true,"href":"https:\/\/freshgarbage.fi\/en\/wp-json\/wp\/v2\/product_tag?post=84362"}],"curies":[{"name":"wp","href":"https:\/\/api.w.org\/{rel}","templated":true}]}}