{"id":84355,"date":"2026-03-24T12:00:16","date_gmt":"2026-03-24T10:00:16","guid":{"rendered":"https:\/\/freshgarbage.fi\/tuote\/vaino-karjalainen-birch-bark-letter\/"},"modified":"2026-03-24T12:00:16","modified_gmt":"2026-03-24T10:00:16","slug":"vaino-karjalainen-birch-bark-letter","status":"publish","type":"product","link":"https:\/\/freshgarbage.fi\/en\/product\/vaino-karjalainen-birch-bark-letter\/","title":{"rendered":"Ilmestyy 28.4.2026 \/ V\u00e4in\u00f6 Karjalainen \u2013 Birch Bark Letter"},"content":{"rendered":"","protected":false},"excerpt":{"rendered":"<p>ENNAKKOTILAUS. Ilmestyy 28.4.2026<\/p>\n<p>Rajoitettu painos sinisell\u00e4 levyll\u00e4.<\/p>\n<p>V\u00e4in\u00f6 Karjalaisen ensimm\u00e4inen soololevy Birch Bark Letter kutsuu kuuntelijan pys\u00e4htym\u00e4\u00e4n. Jo nimi, tuohikirje, vihjaa levyst\u00e4, joka on syntynyt perinnemaisemissa ja vie kuulijan suomalaiseen luontoon.<\/p>\n<p>Karjalainen tunnetaan muusikkona, \u00e4\u00e4nitt\u00e4j\u00e4n\u00e4, miksaajana ja tuottajana. H\u00e4nen k\u00e4sialaansa kuullaan muun muassa is\u00e4ns\u00e4 J. Karjalaisen, Arpan ja Ursus Factoryn levyill\u00e4. Basistina h\u00e4n soittaa Tiisussa sek\u00e4 Pekka Laine &amp; The Enchantedissa, ja televisiosta h\u00e4net tunnetaan MTV3:n Levyraadista.<\/p>\n<p>Monelle saattaikin tulla yll\u00e4tyksen\u00e4 Karjalaisen viehtymys ambient-musiikkiin. Levyn \u00e4\u00e4relle pys\u00e4htyess\u00e4 se tuntuu kuitenkin nopeasti luontevalta. T\u00e4ss\u00e4 puhuu ihminen, jonka suhde \u00e4\u00e4neen, taiteeseen ja yksityiskohtiin on ollut koko ajan syv\u00e4, vaikka se on aiemmin kuulunut muiden levyjen taustalla. Taiteilijuus on Karjalaiselle my\u00f6s perint\u00f6\u00e4, ei taakkaa vaan kielt\u00e4, jota h\u00e4n puhuu nyt omalla \u00e4\u00e4nell\u00e4\u00e4n.<\/p>\n<p>Birch Bark Letter on luonnosta ammentava kokonaisuus, jossa \u00e4\u00e4ni asettuu tilaan ja tekee pienist\u00e4 muutoksista suuria. Vesi, valo ja hiljaisuus tuntuvat musiikissa l\u00e4hes fyysisin\u00e4, ja mukana on my\u00f6s suomalaisen maaseudun konkreettinen l\u00e4mp\u00f6, pellot, puu ja turvekattosaunojen maailma.<\/p>\n<p>My\u00f6s tuohikirjeell\u00e4 on konkreettinen taustansa. Birch Bark Letter viittaa tuohikirjeeseen 292, Novgorodin alueelta vuonna 1957 l\u00f6ydettyyn tuohisuikaleeseen, jota pidet\u00e4\u00e4n vanhimpana tunnettuna it\u00e4merensuomalaisella kielell\u00e4 kirjoitettuna tekstin\u00e4.<\/p>\n<p>Ambient-musiikissa kappaleet ovat usein pitki\u00e4 ja hitaasti avautuvia, mutta t\u00e4ss\u00e4 ne ovat tietoisesti tiiviit\u00e4, ik\u00e4\u00e4n kuin fragmentteja paikoista, teemoista ja havainnoista. Ajatus on sama kuin tuohikirjeess\u00e4kin. Se on katkelma jostain toisesta ajasta, konkreettinen j\u00e4lki, joka kantaa enemm\u00e4n kuin ensisilm\u00e4ys antaa ymm\u00e4rt\u00e4\u00e4.<\/p>\n<p>Karjalainen kuvaa levyn estetiikkaa termill\u00e4, joka tuntuu h\u00e4nest\u00e4 osuvammalta kuin ambient, environmental music.<\/p>\n<p>\u201cPid\u00e4n environmental music -termist\u00e4, jota on k\u00e4ytetty japanilaisen esi-ambientin yhteydess\u00e4. Se kuvaa hyvin Birch Bark Letterin tunnelmaa: levy on syntynyt Suomen luonnosta ja vedest\u00e4, ja se on tarkoitettu kuunneltavaksi niiss\u00e4 samoissa tiloissa.\u201d<\/p>\n<p>Levyn s\u00e4vellykset ovat syntyneet perheen pienell\u00e4 saaristom\u00f6kill\u00e4 veden \u00e4\u00e4rell\u00e4, Karjalaisen omalla studiolla Vallilassa sek\u00e4 samassa keltaisessa talossa, jossa h\u00e4nen is\u00e4ns\u00e4 saa usein inspiraationsa. Ty\u00f6tapa on ollut improvisoiva ja kollaasimainen: sattumaa, ideoita ja kentt\u00e4-\u00e4\u00e4nitteit\u00e4, jotka asettuvat vierekk\u00e4in kuin luonnon omat kerrostumat.<\/p>\n<p>Koko levy on rakennettu huolella, yksityiskohtia my\u00f6ten. Sen huomaa my\u00f6s masteroijan valinnassa. Birch Bark Letterin masteroi Greg Obis. Obis tuli Karjalaiselle vastaan alun perin arvostetun amerikkalaisen kokeellisen laulaja-lauluntekij\u00e4n Maria BC:n Spike Field -levyll\u00e4, jossa herkk\u00e4 laulu ja akustiset s\u00e4vyt avautuvat ilmavaan \u00e4\u00e4nitilaan. Sama orgaaninen ote tekee vaikutuksen my\u00f6s toisessa \u00e4\u00e4rip\u00e4\u00e4ss\u00e4, MJ Lendermanin indierock-albumilla Manning Fireworks, joka oli yksi vuoden 2024 ylistetyimmist\u00e4 levyist\u00e4.<\/p>\n<p>Albumi kumartaa japanilaisille ambient-tekij\u00f6ille Hiroshi Yoshimurasta Satoshi Ashikawaan ja Ryuichi Sakamotoon sek\u00e4 amerikkalaisen Ernest Hoodin Neighborhoods-klassikolle, jossa arjen \u00e4\u00e4net, maisema ja muistij\u00e4ljet asettuvat musiikin rakenteeksi. Silti kaiken l\u00e4ht\u00f6piste on suomalainen luonto, ennen kaikkea vesi.<\/p>\n<p>Birch Bark Letter ilmestyy tiistaina 28. huhtikuuta rajoitettuna vinyylipainoksena ja suoratoistopalveluissa. Spotifyssa levyst\u00e4 julkaistaan vain \u201cPartial Reflection of Light (In Water)\u201d sek\u00e4 albumin focus-raita. Rajaus on tietoinen ele, jolla Karjalainen haluaa her\u00e4tt\u00e4\u00e4 keskustelua Spotifyn poikkeuksellisesta valta-asemasta Suomessa.<\/p>\n<p>Overcast \u2013 2:14<br \/>\nPartial Reflection of Light (In Air) \u2013 2:43<br \/>\nEvaporation, Precipitation \u2013 1:51<br \/>\nPartial Reflection of Light (In Water) \u2013 2:44<br \/>\nFool\u2019s Gold \u2013 3:09<br \/>\nAcid Rain \u2013 2:25<br \/>\nFjeld \u2013 6:01<br \/>\nFresh Snow, Pavement \u2013 3:20<br \/>\nDown to a Dandelion \u2013 3:51<\/p>\n","protected":false},"featured_media":84102,"template":"","meta":{"_acf_changed":false},"product_brand":[],"product_cat":[135,126,120,107],"product_tag":[],"class_list":{"0":"post-84355","1":"product","2":"type-product","3":"status-publish","4":"has-post-thumbnail","6":"product_cat-coming-soon","7":"product_cat-experimental-ambient-noise-contemporary-classical","8":"product_cat-finnish","9":"product_cat-new","10":"pa_formaatti-lp-en","11":"pa_kaytetty-uusi-coming-soon","12":"pa_kaytetty-uusi-new","14":"first","15":"instock","16":"taxable","17":"shipping-taxable","18":"purchasable","19":"product-type-simple"},"acf":[],"_links":{"self":[{"href":"https:\/\/freshgarbage.fi\/en\/wp-json\/wp\/v2\/product\/84355","targetHints":{"allow":["GET"]}}],"collection":[{"href":"https:\/\/freshgarbage.fi\/en\/wp-json\/wp\/v2\/product"}],"about":[{"href":"https:\/\/freshgarbage.fi\/en\/wp-json\/wp\/v2\/types\/product"}],"wp:featuredmedia":[{"embeddable":true,"href":"https:\/\/freshgarbage.fi\/en\/wp-json\/wp\/v2\/media\/84102"}],"wp:attachment":[{"href":"https:\/\/freshgarbage.fi\/en\/wp-json\/wp\/v2\/media?parent=84355"}],"wp:term":[{"taxonomy":"product_brand","embeddable":true,"href":"https:\/\/freshgarbage.fi\/en\/wp-json\/wp\/v2\/product_brand?post=84355"},{"taxonomy":"product_cat","embeddable":true,"href":"https:\/\/freshgarbage.fi\/en\/wp-json\/wp\/v2\/product_cat?post=84355"},{"taxonomy":"product_tag","embeddable":true,"href":"https:\/\/freshgarbage.fi\/en\/wp-json\/wp\/v2\/product_tag?post=84355"}],"curies":[{"name":"wp","href":"https:\/\/api.w.org\/{rel}","templated":true}]}}