{"id":84354,"date":"2026-03-24T12:00:30","date_gmt":"2026-03-24T10:00:30","guid":{"rendered":"https:\/\/freshgarbage.fi\/tuote\/endstand-to-whom-it-may-concern\/"},"modified":"2026-03-24T12:00:30","modified_gmt":"2026-03-24T10:00:30","slug":"endstand-to-whom-it-may-concern","status":"publish","type":"product","link":"https:\/\/freshgarbage.fi\/en\/product\/endstand-to-whom-it-may-concern\/","title":{"rendered":"Ilmestyy 22.5.2026 \/ Endstand \u2013 To Whom It May Concern"},"content":{"rendered":"","protected":false},"excerpt":{"rendered":"<p>ENNAKKOTILAUS. Ilmestyy 22.5.2026<\/p>\n<p>Endstandin ensimm\u00e4inen albumi ensimm\u00e4ist\u00e4 kertaa ikin\u00e4 vinyylill\u00e4! T\u00e4t\u00e4 kuunnellessa ei ole vaikea kuvitella miksi Endstand alkoi viimeist\u00e4\u00e4n t\u00e4ss\u00e4 vaiheessa kiinnostamaan jengi\u00e4 ymp\u00e4ri Eurooppaa. Mukaan tulleet punk rock-vaikutteet tekev\u00e4t biiseist\u00e4 vastustamattomia, energisi\u00e4 alansa klassikoita jotka tempaavat edelleen mukaansa liki 30 vuoden j\u00e4lkeenkin!<\/p>\n<p>Paketin kruunaavat Ville Angervuoren kokoama komea gatefold-paketti ja Jarno Alhon hienosti soiva vinyylimasterointi.<\/p>\n","protected":false},"featured_media":84127,"template":"","meta":{"_acf_changed":false},"product_brand":[],"product_cat":[135,120,107,114],"product_tag":[],"class_list":{"0":"post-84354","1":"product","2":"type-product","3":"status-publish","4":"has-post-thumbnail","6":"product_cat-coming-soon","7":"product_cat-finnish","8":"product_cat-new","9":"product_cat-punk-hardcore-psychobilly-en","10":"pa_formaatti-lp-en","11":"pa_kaytetty-uusi-coming-soon","12":"pa_kaytetty-uusi-new","14":"first","15":"instock","16":"taxable","17":"shipping-taxable","18":"purchasable","19":"product-type-simple"},"acf":[],"_links":{"self":[{"href":"https:\/\/freshgarbage.fi\/en\/wp-json\/wp\/v2\/product\/84354","targetHints":{"allow":["GET"]}}],"collection":[{"href":"https:\/\/freshgarbage.fi\/en\/wp-json\/wp\/v2\/product"}],"about":[{"href":"https:\/\/freshgarbage.fi\/en\/wp-json\/wp\/v2\/types\/product"}],"wp:featuredmedia":[{"embeddable":true,"href":"https:\/\/freshgarbage.fi\/en\/wp-json\/wp\/v2\/media\/84127"}],"wp:attachment":[{"href":"https:\/\/freshgarbage.fi\/en\/wp-json\/wp\/v2\/media?parent=84354"}],"wp:term":[{"taxonomy":"product_brand","embeddable":true,"href":"https:\/\/freshgarbage.fi\/en\/wp-json\/wp\/v2\/product_brand?post=84354"},{"taxonomy":"product_cat","embeddable":true,"href":"https:\/\/freshgarbage.fi\/en\/wp-json\/wp\/v2\/product_cat?post=84354"},{"taxonomy":"product_tag","embeddable":true,"href":"https:\/\/freshgarbage.fi\/en\/wp-json\/wp\/v2\/product_tag?post=84354"}],"curies":[{"name":"wp","href":"https:\/\/api.w.org\/{rel}","templated":true}]}}