{"id":84353,"date":"2026-03-24T12:00:49","date_gmt":"2026-03-24T10:00:49","guid":{"rendered":"https:\/\/freshgarbage.fi\/tuote\/wasted-the-future-is-on-fire\/"},"modified":"2026-03-24T12:00:49","modified_gmt":"2026-03-24T10:00:49","slug":"wasted-the-future-is-on-fire","status":"publish","type":"product","link":"https:\/\/freshgarbage.fi\/en\/product\/wasted-the-future-is-on-fire\/","title":{"rendered":"Ilmestyy 22.5.2026 \/ Wasted \u2013 The Future Is On Fire"},"content":{"rendered":"","protected":false},"excerpt":{"rendered":"<p>ENNAKKOTILAUS. Ilmestyy 22.5.2026<\/p>\n<p>WASTED t\u00e4ytt\u00e4\u00e4 t\u00e4n\u00e4 vuonna 30vee, ja julkaisee sen kunniaksi uuden albumin! Harva 30 vuotta t\u00e4ytt\u00e4v\u00e4 punk rock-b\u00e4ndi kykenee tekem\u00e4\u00e4n n\u00e4in tuoreen albumin mutta Wasted onkin Wasted!<\/p>\n","protected":false},"featured_media":84125,"template":"","meta":{"_acf_changed":false},"product_brand":[],"product_cat":[135,120,107,114],"product_tag":[],"class_list":{"0":"post-84353","1":"product","2":"type-product","3":"status-publish","4":"has-post-thumbnail","6":"product_cat-coming-soon","7":"product_cat-finnish","8":"product_cat-new","9":"product_cat-punk-hardcore-psychobilly-en","10":"pa_formaatti-lp-en","11":"pa_kaytetty-uusi-coming-soon","12":"pa_kaytetty-uusi-new","14":"first","15":"instock","16":"taxable","17":"shipping-taxable","18":"purchasable","19":"product-type-simple"},"acf":[],"_links":{"self":[{"href":"https:\/\/freshgarbage.fi\/en\/wp-json\/wp\/v2\/product\/84353","targetHints":{"allow":["GET"]}}],"collection":[{"href":"https:\/\/freshgarbage.fi\/en\/wp-json\/wp\/v2\/product"}],"about":[{"href":"https:\/\/freshgarbage.fi\/en\/wp-json\/wp\/v2\/types\/product"}],"wp:featuredmedia":[{"embeddable":true,"href":"https:\/\/freshgarbage.fi\/en\/wp-json\/wp\/v2\/media\/84125"}],"wp:attachment":[{"href":"https:\/\/freshgarbage.fi\/en\/wp-json\/wp\/v2\/media?parent=84353"}],"wp:term":[{"taxonomy":"product_brand","embeddable":true,"href":"https:\/\/freshgarbage.fi\/en\/wp-json\/wp\/v2\/product_brand?post=84353"},{"taxonomy":"product_cat","embeddable":true,"href":"https:\/\/freshgarbage.fi\/en\/wp-json\/wp\/v2\/product_cat?post=84353"},{"taxonomy":"product_tag","embeddable":true,"href":"https:\/\/freshgarbage.fi\/en\/wp-json\/wp\/v2\/product_tag?post=84353"}],"curies":[{"name":"wp","href":"https:\/\/api.w.org\/{rel}","templated":true}]}}