{"id":84352,"date":"2026-03-24T12:00:51","date_gmt":"2026-03-24T10:00:51","guid":{"rendered":"https:\/\/freshgarbage.fi\/tuote\/aino-hajonneet-paakallokiitaja\/"},"modified":"2026-03-24T12:00:51","modified_gmt":"2026-03-24T10:00:51","slug":"aino-hajonneet-paakallokiitaja","status":"publish","type":"product","link":"https:\/\/freshgarbage.fi\/en\/product\/aino-hajonneet-paakallokiitaja\/","title":{"rendered":"Ilmestyy 17.04.2026 \/ Aino &#038; Hajonneet \u2013 P\u00e4\u00e4kallokiit\u00e4j\u00e4"},"content":{"rendered":"","protected":false},"excerpt":{"rendered":"<p>ENNAKKOTILAUS. Ilmestyy 17.04.2026.<\/p>\n<p>Mini LP<\/p>\n<p>A-puoli<br \/>\n1. P\u00e4\u00e4kallokiit\u00e4j\u00e4<br \/>\n2. Unen maa<br \/>\n3. Turha tapella vastaan<\/p>\n<p>B-puoli<br \/>\n1. Vaaroilla vapaa<br \/>\n2. Heart of Glass<br \/>\n3. Hirtetty keinuu hiljaa<\/p>\n","protected":false},"featured_media":84136,"template":"","meta":{"_acf_changed":false},"product_brand":[],"product_cat":[135,120,107,114],"product_tag":[],"class_list":{"0":"post-84352","1":"product","2":"type-product","3":"status-publish","4":"has-post-thumbnail","6":"product_cat-coming-soon","7":"product_cat-finnish","8":"product_cat-new","9":"product_cat-punk-hardcore-psychobilly-en","10":"pa_formaatti-lp-en","11":"pa_kaytetty-uusi-coming-soon","12":"pa_kaytetty-uusi-new","14":"first","15":"instock","16":"taxable","17":"shipping-taxable","18":"purchasable","19":"product-type-simple"},"acf":[],"_links":{"self":[{"href":"https:\/\/freshgarbage.fi\/en\/wp-json\/wp\/v2\/product\/84352","targetHints":{"allow":["GET"]}}],"collection":[{"href":"https:\/\/freshgarbage.fi\/en\/wp-json\/wp\/v2\/product"}],"about":[{"href":"https:\/\/freshgarbage.fi\/en\/wp-json\/wp\/v2\/types\/product"}],"wp:featuredmedia":[{"embeddable":true,"href":"https:\/\/freshgarbage.fi\/en\/wp-json\/wp\/v2\/media\/84136"}],"wp:attachment":[{"href":"https:\/\/freshgarbage.fi\/en\/wp-json\/wp\/v2\/media?parent=84352"}],"wp:term":[{"taxonomy":"product_brand","embeddable":true,"href":"https:\/\/freshgarbage.fi\/en\/wp-json\/wp\/v2\/product_brand?post=84352"},{"taxonomy":"product_cat","embeddable":true,"href":"https:\/\/freshgarbage.fi\/en\/wp-json\/wp\/v2\/product_cat?post=84352"},{"taxonomy":"product_tag","embeddable":true,"href":"https:\/\/freshgarbage.fi\/en\/wp-json\/wp\/v2\/product_tag?post=84352"}],"curies":[{"name":"wp","href":"https:\/\/api.w.org\/{rel}","templated":true}]}}