{"id":84351,"date":"2026-03-24T12:01:51","date_gmt":"2026-03-24T10:01:51","guid":{"rendered":"https:\/\/freshgarbage.fi\/tuote\/ruusut-ma-valvon-ja-sa-valvot-mun-kaa\/"},"modified":"2026-03-24T12:01:51","modified_gmt":"2026-03-24T10:01:51","slug":"ruusut-ma-valvon-ja-sa-valvot-mun-kaa","status":"publish","type":"product","link":"https:\/\/freshgarbage.fi\/en\/product\/ruusut-ma-valvon-ja-sa-valvot-mun-kaa\/","title":{"rendered":"Ilmestyy 24.4.2026 \/ Ruusut \u2013 M\u00e4 valvon ja s\u00e4 valvot mun kaa"},"content":{"rendered":"","protected":false},"excerpt":{"rendered":"<p>ENNAKKOMYYNTI. Ilmestyy 24.4.2026.<\/p>\n<p>Kev\u00e4\u00e4ll\u00e4 julkaistava albumi avaa Ruusujen seuraavan vaiheen. Levy on syntynyt Ruusujen ja Aku Raskin (mm. Huoratron) yhteistuotantona, Raskin toimiessa albumin vastaavana tuottajana. Albumia on ollut kirjoittamassa my\u00f6s yhtyeen A&amp;R Henri Pulkkinen. Kokoonpanon pop-energia, Raskin elektroninen tuotanto sek\u00e4 Henri Pulkkisen kirjoittajaperspektiivi ja A&amp;R-rooli luovat uuden, fokusoituneen Ruusut-soundin.<\/p>\n<p>1. Outo kes\u00e4<br \/>\n2. Verenkiertoon<br \/>\n3. dreamer<br \/>\n4. Yhen toisen<br \/>\n5. M\u00e4 en voi olla sun<br \/>\n6. Kurpitsalyhty<br \/>\n7. Sonic Youth (feat. Bizi)<br \/>\n8. Silkkikukkia<br \/>\n9. Pysy siin<br \/>\n10. Kylm\u00e4 maailma<br \/>\n11. Tappaja<br \/>\n12. OOKOO<\/p>\n","protected":false},"featured_media":84141,"template":"","meta":{"_acf_changed":false},"product_brand":[],"product_cat":[135,120,107],"product_tag":[],"class_list":{"0":"post-84351","1":"product","2":"type-product","3":"status-publish","4":"has-post-thumbnail","6":"product_cat-coming-soon","7":"product_cat-finnish","8":"product_cat-new","9":"pa_formaatti-lp-en","10":"pa_kaytetty-uusi-coming-soon","11":"pa_kaytetty-uusi-new","13":"first","14":"instock","15":"taxable","16":"shipping-taxable","17":"purchasable","18":"product-type-simple"},"acf":[],"_links":{"self":[{"href":"https:\/\/freshgarbage.fi\/en\/wp-json\/wp\/v2\/product\/84351","targetHints":{"allow":["GET"]}}],"collection":[{"href":"https:\/\/freshgarbage.fi\/en\/wp-json\/wp\/v2\/product"}],"about":[{"href":"https:\/\/freshgarbage.fi\/en\/wp-json\/wp\/v2\/types\/product"}],"wp:featuredmedia":[{"embeddable":true,"href":"https:\/\/freshgarbage.fi\/en\/wp-json\/wp\/v2\/media\/84141"}],"wp:attachment":[{"href":"https:\/\/freshgarbage.fi\/en\/wp-json\/wp\/v2\/media?parent=84351"}],"wp:term":[{"taxonomy":"product_brand","embeddable":true,"href":"https:\/\/freshgarbage.fi\/en\/wp-json\/wp\/v2\/product_brand?post=84351"},{"taxonomy":"product_cat","embeddable":true,"href":"https:\/\/freshgarbage.fi\/en\/wp-json\/wp\/v2\/product_cat?post=84351"},{"taxonomy":"product_tag","embeddable":true,"href":"https:\/\/freshgarbage.fi\/en\/wp-json\/wp\/v2\/product_tag?post=84351"}],"curies":[{"name":"wp","href":"https:\/\/api.w.org\/{rel}","templated":true}]}}