{"id":84350,"date":"2026-03-25T11:44:52","date_gmt":"2026-03-25T09:44:52","guid":{"rendered":"https:\/\/freshgarbage.fi\/tuote\/duke-robillard-and-the-pleasure-kings-duke-robillard-and-the-pleasure-kings\/"},"modified":"2026-03-25T11:44:52","modified_gmt":"2026-03-25T09:44:52","slug":"duke-robillard-and-the-pleasure-kings-duke-robillard-and-the-pleasure-kings","status":"publish","type":"product","link":"https:\/\/freshgarbage.fi\/en\/product\/duke-robillard-and-the-pleasure-kings-duke-robillard-and-the-pleasure-kings\/","title":{"rendered":"Duke Robillard And The Pleasure Kings \u2013 Duke Robillard And The Pleasure Kings"},"content":{"rendered":"","protected":false},"excerpt":{"rendered":"<p>Alkuper\u00e4inen Suomi-painos.<\/p>\n<p>Kevytt\u00e4 j\u00e4lke\u00e4, soi hyvin.<\/p>\n","protected":false},"featured_media":84195,"template":"","meta":{"_acf_changed":false},"product_brand":[],"product_cat":[129],"product_tag":[],"class_list":{"0":"post-84350","1":"product","2":"type-product","3":"status-publish","4":"has-post-thumbnail","6":"product_cat-blues-blues-rock-en","7":"pa_formaatti-lp-en","8":"pa_kaytetty-uusi-2nd-hand","10":"first","11":"instock","12":"shipping-taxable","13":"purchasable","14":"product-type-simple"},"acf":[],"_links":{"self":[{"href":"https:\/\/freshgarbage.fi\/en\/wp-json\/wp\/v2\/product\/84350","targetHints":{"allow":["GET"]}}],"collection":[{"href":"https:\/\/freshgarbage.fi\/en\/wp-json\/wp\/v2\/product"}],"about":[{"href":"https:\/\/freshgarbage.fi\/en\/wp-json\/wp\/v2\/types\/product"}],"wp:featuredmedia":[{"embeddable":true,"href":"https:\/\/freshgarbage.fi\/en\/wp-json\/wp\/v2\/media\/84195"}],"wp:attachment":[{"href":"https:\/\/freshgarbage.fi\/en\/wp-json\/wp\/v2\/media?parent=84350"}],"wp:term":[{"taxonomy":"product_brand","embeddable":true,"href":"https:\/\/freshgarbage.fi\/en\/wp-json\/wp\/v2\/product_brand?post=84350"},{"taxonomy":"product_cat","embeddable":true,"href":"https:\/\/freshgarbage.fi\/en\/wp-json\/wp\/v2\/product_cat?post=84350"},{"taxonomy":"product_tag","embeddable":true,"href":"https:\/\/freshgarbage.fi\/en\/wp-json\/wp\/v2\/product_tag?post=84350"}],"curies":[{"name":"wp","href":"https:\/\/api.w.org\/{rel}","templated":true}]}}