{"id":84338,"date":"2026-03-25T11:45:27","date_gmt":"2026-03-25T09:45:27","guid":{"rendered":"https:\/\/freshgarbage.fi\/tuote\/the-stooges-rubber-legs\/"},"modified":"2026-03-25T11:45:27","modified_gmt":"2026-03-25T09:45:27","slug":"the-stooges-rubber-legs","status":"publish","type":"product","link":"https:\/\/freshgarbage.fi\/en\/product\/the-stooges-rubber-legs\/","title":{"rendered":"The Stooges \u2013 Rubber Legs"},"content":{"rendered":"","protected":false},"excerpt":{"rendered":"<p>Alkuper\u00e4inen painos.<\/p>\n<p>Kevytt\u00e4 j\u00e4lke\u00e4, soi hyvin.<\/p>\n","protected":false},"featured_media":84178,"template":"","meta":{"_acf_changed":false},"product_brand":[],"product_cat":[131],"product_tag":[],"class_list":{"0":"post-84338","1":"product","2":"type-product","3":"status-publish","4":"has-post-thumbnail","6":"product_cat-60s-70s-psych-rock-garage-rock-en","8":"first","9":"instock","10":"shipping-taxable","11":"purchasable","12":"product-type-simple"},"acf":[],"_links":{"self":[{"href":"https:\/\/freshgarbage.fi\/en\/wp-json\/wp\/v2\/product\/84338","targetHints":{"allow":["GET"]}}],"collection":[{"href":"https:\/\/freshgarbage.fi\/en\/wp-json\/wp\/v2\/product"}],"about":[{"href":"https:\/\/freshgarbage.fi\/en\/wp-json\/wp\/v2\/types\/product"}],"wp:featuredmedia":[{"embeddable":true,"href":"https:\/\/freshgarbage.fi\/en\/wp-json\/wp\/v2\/media\/84178"}],"wp:attachment":[{"href":"https:\/\/freshgarbage.fi\/en\/wp-json\/wp\/v2\/media?parent=84338"}],"wp:term":[{"taxonomy":"product_brand","embeddable":true,"href":"https:\/\/freshgarbage.fi\/en\/wp-json\/wp\/v2\/product_brand?post=84338"},{"taxonomy":"product_cat","embeddable":true,"href":"https:\/\/freshgarbage.fi\/en\/wp-json\/wp\/v2\/product_cat?post=84338"},{"taxonomy":"product_tag","embeddable":true,"href":"https:\/\/freshgarbage.fi\/en\/wp-json\/wp\/v2\/product_tag?post=84338"}],"curies":[{"name":"wp","href":"https:\/\/api.w.org\/{rel}","templated":true}]}}