{"id":84335,"date":"2026-03-25T11:45:34","date_gmt":"2026-03-25T09:45:34","guid":{"rendered":"https:\/\/freshgarbage.fi\/tuote\/satu-pellit-auki\/"},"modified":"2026-03-25T11:45:34","modified_gmt":"2026-03-25T09:45:34","slug":"satu-pellit-auki","status":"publish","type":"product","link":"https:\/\/freshgarbage.fi\/en\/product\/satu-pellit-auki\/","title":{"rendered":"Satu \u2013 Pellit Auki"},"content":{"rendered":"","protected":false},"excerpt":{"rendered":"<p>Alkuper\u00e4inen ja ainoa vinyylipainos.<\/p>\n<p>Kannen p\u00e4\u00e4tysaumassa keskell\u00e4 teipin pala poikittain, mutta ei n\u00e4ytt\u00e4isi olevan seam spliti\u00e4. Lis\u00e4ksi toisessa kannen yl\u00e4kulmista taitosta.<\/p>\n","protected":false},"featured_media":84202,"template":"","meta":{"_acf_changed":false},"product_brand":[],"product_cat":[120],"product_tag":[],"class_list":{"0":"post-84335","1":"product","2":"type-product","3":"status-publish","4":"has-post-thumbnail","6":"product_cat-finnish","7":"pa_formaatti-lp-en","8":"pa_kaytetty-uusi-2nd-hand","10":"first","11":"instock","12":"shipping-taxable","13":"purchasable","14":"product-type-simple"},"acf":[],"_links":{"self":[{"href":"https:\/\/freshgarbage.fi\/en\/wp-json\/wp\/v2\/product\/84335","targetHints":{"allow":["GET"]}}],"collection":[{"href":"https:\/\/freshgarbage.fi\/en\/wp-json\/wp\/v2\/product"}],"about":[{"href":"https:\/\/freshgarbage.fi\/en\/wp-json\/wp\/v2\/types\/product"}],"wp:featuredmedia":[{"embeddable":true,"href":"https:\/\/freshgarbage.fi\/en\/wp-json\/wp\/v2\/media\/84202"}],"wp:attachment":[{"href":"https:\/\/freshgarbage.fi\/en\/wp-json\/wp\/v2\/media?parent=84335"}],"wp:term":[{"taxonomy":"product_brand","embeddable":true,"href":"https:\/\/freshgarbage.fi\/en\/wp-json\/wp\/v2\/product_brand?post=84335"},{"taxonomy":"product_cat","embeddable":true,"href":"https:\/\/freshgarbage.fi\/en\/wp-json\/wp\/v2\/product_cat?post=84335"},{"taxonomy":"product_tag","embeddable":true,"href":"https:\/\/freshgarbage.fi\/en\/wp-json\/wp\/v2\/product_tag?post=84335"}],"curies":[{"name":"wp","href":"https:\/\/api.w.org\/{rel}","templated":true}]}}