{"id":84334,"date":"2026-03-25T11:45:37","date_gmt":"2026-03-25T09:45:37","guid":{"rendered":"https:\/\/freshgarbage.fi\/tuote\/mark-knopfler-music-by-mark-knopfler-from-the-film-cal\/"},"modified":"2026-03-25T11:45:37","modified_gmt":"2026-03-25T09:45:37","slug":"mark-knopfler-music-by-mark-knopfler-from-the-film-cal","status":"publish","type":"product","link":"https:\/\/freshgarbage.fi\/en\/product\/mark-knopfler-music-by-mark-knopfler-from-the-film-cal\/","title":{"rendered":"Mark Knopfler \u2013 Music By Mark Knopfler From The Film Cal"},"content":{"rendered":"","protected":false},"excerpt":{"rendered":"<p>Alkuper\u00e4inen Hollanti-painos.<\/p>\n<p>Hieman enemm\u00e4n kevytt\u00e4 hankaumaa\/j\u00e4lke\u00e4. Vaimeaa taustaripsett\u00e4 paikoitellen.<\/p>\n","protected":false},"featured_media":84196,"template":"","meta":{"_acf_changed":false},"product_brand":[],"product_cat":[116,133],"product_tag":[],"class_list":{"0":"post-84334","1":"product","2":"type-product","3":"status-publish","4":"has-post-thumbnail","6":"product_cat-rock-pop-en","7":"product_cat-soundtracks-en","8":"pa_formaatti-lp-en","9":"pa_kaytetty-uusi-2nd-hand","11":"first","12":"instock","13":"shipping-taxable","14":"purchasable","15":"product-type-simple"},"acf":[],"_links":{"self":[{"href":"https:\/\/freshgarbage.fi\/en\/wp-json\/wp\/v2\/product\/84334","targetHints":{"allow":["GET"]}}],"collection":[{"href":"https:\/\/freshgarbage.fi\/en\/wp-json\/wp\/v2\/product"}],"about":[{"href":"https:\/\/freshgarbage.fi\/en\/wp-json\/wp\/v2\/types\/product"}],"wp:featuredmedia":[{"embeddable":true,"href":"https:\/\/freshgarbage.fi\/en\/wp-json\/wp\/v2\/media\/84196"}],"wp:attachment":[{"href":"https:\/\/freshgarbage.fi\/en\/wp-json\/wp\/v2\/media?parent=84334"}],"wp:term":[{"taxonomy":"product_brand","embeddable":true,"href":"https:\/\/freshgarbage.fi\/en\/wp-json\/wp\/v2\/product_brand?post=84334"},{"taxonomy":"product_cat","embeddable":true,"href":"https:\/\/freshgarbage.fi\/en\/wp-json\/wp\/v2\/product_cat?post=84334"},{"taxonomy":"product_tag","embeddable":true,"href":"https:\/\/freshgarbage.fi\/en\/wp-json\/wp\/v2\/product_tag?post=84334"}],"curies":[{"name":"wp","href":"https:\/\/api.w.org\/{rel}","templated":true}]}}