{"id":84327,"date":"2026-03-25T11:45:47","date_gmt":"2026-03-25T09:45:47","guid":{"rendered":"https:\/\/freshgarbage.fi\/tuote\/shocking-blue-3rd-album\/"},"modified":"2026-03-25T11:45:47","modified_gmt":"2026-03-25T09:45:47","slug":"shocking-blue-3rd-album","status":"publish","type":"product","link":"https:\/\/freshgarbage.fi\/en\/product\/shocking-blue-3rd-album\/","title":{"rendered":"Shocking Blue \u2013 3rd Album"},"content":{"rendered":"","protected":false},"excerpt":{"rendered":"<p>Alkuper\u00e4inen Saksa-painos.<\/p>\n<p>Kevytt\u00e4 j\u00e4lke\u00e4\/hankaumaa, paikoitellen ylim\u00e4\u00e4r\u00e4ist\u00e4 kevytt\u00e4 rapsetta.<\/p>\n","protected":false},"featured_media":84192,"template":"","meta":{"_acf_changed":false},"product_brand":[],"product_cat":[116],"product_tag":[],"class_list":{"0":"post-84327","1":"product","2":"type-product","3":"status-publish","4":"has-post-thumbnail","6":"product_cat-rock-pop-en","7":"pa_formaatti-lp-en","8":"pa_kaytetty-uusi-2nd-hand","10":"first","11":"instock","12":"shipping-taxable","13":"purchasable","14":"product-type-simple"},"acf":[],"_links":{"self":[{"href":"https:\/\/freshgarbage.fi\/en\/wp-json\/wp\/v2\/product\/84327","targetHints":{"allow":["GET"]}}],"collection":[{"href":"https:\/\/freshgarbage.fi\/en\/wp-json\/wp\/v2\/product"}],"about":[{"href":"https:\/\/freshgarbage.fi\/en\/wp-json\/wp\/v2\/types\/product"}],"wp:featuredmedia":[{"embeddable":true,"href":"https:\/\/freshgarbage.fi\/en\/wp-json\/wp\/v2\/media\/84192"}],"wp:attachment":[{"href":"https:\/\/freshgarbage.fi\/en\/wp-json\/wp\/v2\/media?parent=84327"}],"wp:term":[{"taxonomy":"product_brand","embeddable":true,"href":"https:\/\/freshgarbage.fi\/en\/wp-json\/wp\/v2\/product_brand?post=84327"},{"taxonomy":"product_cat","embeddable":true,"href":"https:\/\/freshgarbage.fi\/en\/wp-json\/wp\/v2\/product_cat?post=84327"},{"taxonomy":"product_tag","embeddable":true,"href":"https:\/\/freshgarbage.fi\/en\/wp-json\/wp\/v2\/product_tag?post=84327"}],"curies":[{"name":"wp","href":"https:\/\/api.w.org\/{rel}","templated":true}]}}