{"id":84325,"date":"2026-03-25T11:45:50","date_gmt":"2026-03-25T09:45:50","guid":{"rendered":"https:\/\/freshgarbage.fi\/tuote\/eero-ja-jussi-the-boys-eero-ja-jussi-the-boys-1960-1970\/"},"modified":"2026-03-25T11:45:50","modified_gmt":"2026-03-25T09:45:50","slug":"eero-ja-jussi-the-boys-eero-ja-jussi-the-boys-1960-1970","status":"publish","type":"product","link":"https:\/\/freshgarbage.fi\/en\/product\/eero-ja-jussi-the-boys-eero-ja-jussi-the-boys-1960-1970\/","title":{"rendered":"Eero Ja Jussi &#038; The Boys \u2013 Eero ja Jussi &#038; The Boys 1960\u20131970"},"content":{"rendered":"","protected":false},"excerpt":{"rendered":"<p>Ainoa painos.<\/p>\n<p>Kannessa vain pient\u00e4 kulumaa. Levyss\u00e4 reilusti j\u00e4lke\u00e4, soi kuitenkin varsin hyvin, pient\u00e4 ripsett\u00e4 paikoitellen. Levy my\u00f6s hieman kiero.<\/p>\n<p>A1 Banjo Boy 3:00<br \/>\nA2 Kaikki rakkauteni (All My Loving) 2:50<br \/>\nA3 Salaisuuteni (Do You Want To Know A Secret) 2:31<br \/>\nA4 Route 66 2:15<br \/>\nA5 That Lucky Old Sun 3:20<br \/>\nA6 Liisan Koira (Walkin&#8217; The Dog) 3:40<br \/>\nA7 Let&#8217;s Go 3:05<br \/>\nB1 Kaunis -Nainen (Oh, Pretty Woman) 2:45<br \/>\nB2 Tahdon Saaren 2:45<br \/>\nB3 I Got A Woman 2:40<br \/>\nB4 Tuuli Kuiskaa Vain (Catch The Wind) 2:43<br \/>\nB5 Opettaja Raittinen 2:13<br \/>\nB6 Kaipaan Sua 2:50<br \/>\nB7 H\u00e4meentien Ynn\u00e4 Liitosalueiden Yhdistyneet Pihasoittajat (I Was Kaiser Bill&#8217;s Batman) 3:02<\/p>\n","protected":false},"featured_media":84204,"template":"","meta":{"_acf_changed":false},"product_brand":[],"product_cat":[120],"product_tag":[],"class_list":{"0":"post-84325","1":"product","2":"type-product","3":"status-publish","4":"has-post-thumbnail","6":"product_cat-finnish","7":"pa_formaatti-lp-en","8":"pa_kaytetty-uusi-2nd-hand","10":"first","11":"instock","12":"shipping-taxable","13":"purchasable","14":"product-type-simple"},"acf":[],"_links":{"self":[{"href":"https:\/\/freshgarbage.fi\/en\/wp-json\/wp\/v2\/product\/84325","targetHints":{"allow":["GET"]}}],"collection":[{"href":"https:\/\/freshgarbage.fi\/en\/wp-json\/wp\/v2\/product"}],"about":[{"href":"https:\/\/freshgarbage.fi\/en\/wp-json\/wp\/v2\/types\/product"}],"wp:featuredmedia":[{"embeddable":true,"href":"https:\/\/freshgarbage.fi\/en\/wp-json\/wp\/v2\/media\/84204"}],"wp:attachment":[{"href":"https:\/\/freshgarbage.fi\/en\/wp-json\/wp\/v2\/media?parent=84325"}],"wp:term":[{"taxonomy":"product_brand","embeddable":true,"href":"https:\/\/freshgarbage.fi\/en\/wp-json\/wp\/v2\/product_brand?post=84325"},{"taxonomy":"product_cat","embeddable":true,"href":"https:\/\/freshgarbage.fi\/en\/wp-json\/wp\/v2\/product_cat?post=84325"},{"taxonomy":"product_tag","embeddable":true,"href":"https:\/\/freshgarbage.fi\/en\/wp-json\/wp\/v2\/product_tag?post=84325"}],"curies":[{"name":"wp","href":"https:\/\/api.w.org\/{rel}","templated":true}]}}