{"id":84324,"date":"2026-03-25T11:45:52","date_gmt":"2026-03-25T09:45:52","guid":{"rendered":"https:\/\/freshgarbage.fi\/tuote\/bastards-jarjeton-maailma-insane-world\/"},"modified":"2026-03-25T11:45:52","modified_gmt":"2026-03-25T09:45:52","slug":"bastards-jarjeton-maailma-insane-world","status":"publish","type":"product","link":"https:\/\/freshgarbage.fi\/en\/product\/bastards-jarjeton-maailma-insane-world\/","title":{"rendered":"Bastards \u2013 J\u00e4rjet\u00f6n Maailma (Insane World)"},"content":{"rendered":"","protected":false},"excerpt":{"rendered":"<p>Alkuper\u00e4inen Suomi-painos.<\/p>\n<p>Levyss\u00e4 jokunen kevyt pintaj\u00e4lke\u00e4, mutta soi hienosti. Yhdess\u00e4 kohdassa havaittavissa vaimeaa rapsetta. Liite puuttuu.<\/p>\n","protected":false},"featured_media":84193,"template":"","meta":{"_acf_changed":false},"product_brand":[],"product_cat":[120,114],"product_tag":[],"class_list":{"0":"post-84324","1":"product","2":"type-product","3":"status-publish","4":"has-post-thumbnail","6":"product_cat-finnish","7":"product_cat-punk-hardcore-psychobilly-en","8":"pa_formaatti-lp-en","9":"pa_kaytetty-uusi-2nd-hand","11":"first","12":"instock","13":"shipping-taxable","14":"purchasable","15":"product-type-simple"},"acf":[],"_links":{"self":[{"href":"https:\/\/freshgarbage.fi\/en\/wp-json\/wp\/v2\/product\/84324","targetHints":{"allow":["GET"]}}],"collection":[{"href":"https:\/\/freshgarbage.fi\/en\/wp-json\/wp\/v2\/product"}],"about":[{"href":"https:\/\/freshgarbage.fi\/en\/wp-json\/wp\/v2\/types\/product"}],"wp:featuredmedia":[{"embeddable":true,"href":"https:\/\/freshgarbage.fi\/en\/wp-json\/wp\/v2\/media\/84193"}],"wp:attachment":[{"href":"https:\/\/freshgarbage.fi\/en\/wp-json\/wp\/v2\/media?parent=84324"}],"wp:term":[{"taxonomy":"product_brand","embeddable":true,"href":"https:\/\/freshgarbage.fi\/en\/wp-json\/wp\/v2\/product_brand?post=84324"},{"taxonomy":"product_cat","embeddable":true,"href":"https:\/\/freshgarbage.fi\/en\/wp-json\/wp\/v2\/product_cat?post=84324"},{"taxonomy":"product_tag","embeddable":true,"href":"https:\/\/freshgarbage.fi\/en\/wp-json\/wp\/v2\/product_tag?post=84324"}],"curies":[{"name":"wp","href":"https:\/\/api.w.org\/{rel}","templated":true}]}}