{"id":84323,"date":"2026-03-25T11:45:54","date_gmt":"2026-03-25T09:45:54","guid":{"rendered":"https:\/\/freshgarbage.fi\/tuote\/black-label-society-mafia\/"},"modified":"2026-03-25T11:45:54","modified_gmt":"2026-03-25T09:45:54","slug":"black-label-society-mafia","status":"publish","type":"product","link":"https:\/\/freshgarbage.fi\/en\/product\/black-label-society-mafia\/","title":{"rendered":"Black Label Society \u2013 Mafia"},"content":{"rendered":"","protected":false},"excerpt":{"rendered":"<p>2LP, punaiset levyt. Ensimm\u00e4inen vinyylipainos.<\/p>\n<p>Ensimm\u00e4isess\u00e4 levyss\u00e4 joitakin alkuper\u00e4isten surkeiden sis\u00e4pussien j\u00e4tt\u00e4mi\u00e4 j\u00e4lki\u00e4, mutta soi hienosti ilman suurempia ongelmia. Toinen levy siistimpi.<\/p>\n","protected":false},"featured_media":84180,"template":"","meta":{"_acf_changed":false},"product_brand":[],"product_cat":[124],"product_tag":[],"class_list":{"0":"post-84323","1":"product","2":"type-product","3":"status-publish","4":"has-post-thumbnail","6":"product_cat-hard-rock-heavy-en","7":"pa_formaatti-lp-en","8":"pa_kaytetty-uusi-2nd-hand","10":"first","11":"instock","12":"shipping-taxable","13":"purchasable","14":"product-type-simple"},"acf":[],"_links":{"self":[{"href":"https:\/\/freshgarbage.fi\/en\/wp-json\/wp\/v2\/product\/84323","targetHints":{"allow":["GET"]}}],"collection":[{"href":"https:\/\/freshgarbage.fi\/en\/wp-json\/wp\/v2\/product"}],"about":[{"href":"https:\/\/freshgarbage.fi\/en\/wp-json\/wp\/v2\/types\/product"}],"wp:featuredmedia":[{"embeddable":true,"href":"https:\/\/freshgarbage.fi\/en\/wp-json\/wp\/v2\/media\/84180"}],"wp:attachment":[{"href":"https:\/\/freshgarbage.fi\/en\/wp-json\/wp\/v2\/media?parent=84323"}],"wp:term":[{"taxonomy":"product_brand","embeddable":true,"href":"https:\/\/freshgarbage.fi\/en\/wp-json\/wp\/v2\/product_brand?post=84323"},{"taxonomy":"product_cat","embeddable":true,"href":"https:\/\/freshgarbage.fi\/en\/wp-json\/wp\/v2\/product_cat?post=84323"},{"taxonomy":"product_tag","embeddable":true,"href":"https:\/\/freshgarbage.fi\/en\/wp-json\/wp\/v2\/product_tag?post=84323"}],"curies":[{"name":"wp","href":"https:\/\/api.w.org\/{rel}","templated":true}]}}