{"id":84310,"date":"2026-03-25T12:30:44","date_gmt":"2026-03-25T10:30:44","guid":{"rendered":"https:\/\/freshgarbage.fi\/tuote\/antti-autio-tie-on-maalattu-maahan\/"},"modified":"2026-03-25T12:30:44","modified_gmt":"2026-03-25T10:30:44","slug":"antti-autio-tie-on-maalattu-maahan","status":"publish","type":"product","link":"https:\/\/freshgarbage.fi\/en\/product\/antti-autio-tie-on-maalattu-maahan\/","title":{"rendered":"Antti Autio \u2013 Tie on maalattu maahan"},"content":{"rendered":"","protected":false},"excerpt":{"rendered":"<p>Rakastettu laulaja-lauluntekij\u00e4 Antti Autio julkaisee viidennen albuminsa Tie on maalattu maahan. Albumi kutsuu kuuntelijan astumaan tielle, joka ei ole ennalta m\u00e4\u00e4r\u00e4tty.<\/p>\n<p>1. Muurahaisten tie<br \/>\n2. Viimeiseen virtaan<br \/>\n3. Kompassi<br \/>\n4. Haahuillen<br \/>\n5. Oodi<br \/>\n6. Rauhankyyhky<br \/>\n7. Kuuma ja cool<br \/>\n8. Sin\u00e4<br \/>\n9. Kaikki mik\u00e4 j\u00e4\u00e4<br \/>\n10. Avaruus<br \/>\n11. Tie on maalattu maahan<\/p>\n","protected":false},"featured_media":84022,"template":"","meta":{"_acf_changed":false},"product_brand":[],"product_cat":[120,107],"product_tag":[],"class_list":{"0":"post-84310","1":"product","2":"type-product","3":"status-publish","4":"has-post-thumbnail","6":"product_cat-finnish","7":"product_cat-new","8":"pa_formaatti-lp-en","9":"pa_kaytetty-uusi-new","11":"first","12":"instock","13":"taxable","14":"shipping-taxable","15":"purchasable","16":"product-type-simple"},"acf":[],"_links":{"self":[{"href":"https:\/\/freshgarbage.fi\/en\/wp-json\/wp\/v2\/product\/84310","targetHints":{"allow":["GET"]}}],"collection":[{"href":"https:\/\/freshgarbage.fi\/en\/wp-json\/wp\/v2\/product"}],"about":[{"href":"https:\/\/freshgarbage.fi\/en\/wp-json\/wp\/v2\/types\/product"}],"wp:featuredmedia":[{"embeddable":true,"href":"https:\/\/freshgarbage.fi\/en\/wp-json\/wp\/v2\/media\/84022"}],"wp:attachment":[{"href":"https:\/\/freshgarbage.fi\/en\/wp-json\/wp\/v2\/media?parent=84310"}],"wp:term":[{"taxonomy":"product_brand","embeddable":true,"href":"https:\/\/freshgarbage.fi\/en\/wp-json\/wp\/v2\/product_brand?post=84310"},{"taxonomy":"product_cat","embeddable":true,"href":"https:\/\/freshgarbage.fi\/en\/wp-json\/wp\/v2\/product_cat?post=84310"},{"taxonomy":"product_tag","embeddable":true,"href":"https:\/\/freshgarbage.fi\/en\/wp-json\/wp\/v2\/product_tag?post=84310"}],"curies":[{"name":"wp","href":"https:\/\/api.w.org\/{rel}","templated":true}]}}