{"id":84308,"date":"2026-03-25T13:30:16","date_gmt":"2026-03-25T11:30:16","guid":{"rendered":"https:\/\/freshgarbage.fi\/tuote\/elakelaiset-humpan-kuninkaan-hovissa\/"},"modified":"2026-03-25T13:30:16","modified_gmt":"2026-03-25T11:30:16","slug":"elakelaiset-humpan-kuninkaan-hovissa","status":"publish","type":"product","link":"https:\/\/freshgarbage.fi\/en\/product\/elakelaiset-humpan-kuninkaan-hovissa\/","title":{"rendered":"Ilmestyy 17.4. 2026 \/ El\u00e4kel\u00e4iset \u2013 Humpan Kuninkaan Hovissa"},"content":{"rendered":"","protected":false},"excerpt":{"rendered":"<p>ENNAKKOTILAUS. Ilmestyy 17.4. 2026.<\/p>\n<p>2LP. Siniset vinyylit.<\/p>\n<p>El\u00e4kel\u00e4isten uudelleenjulkaisusarjaa jatkaa Humpan kuninkaan hovissa -albumi, joka alunperin n\u00e4ki p\u00e4iv\u00e4nvalon 1995 ja on samalla b\u00e4ndin kaikkien aikojen myydyin levy.<\/p>\n<p>Se julkaistaan nyt ensi kertaa vinyyliformaatissa ja mukana on bonuslevy. Humpan kuninkaan hovin kiekot py\u00f6riv\u00e4t soundiyst\u00e4v\u00e4llisesti 45 rpm ja bonuksena l\u00f6ytyy saman vuoden Humppal\u00f6yly -ep. Levyt ovat v\u00e4rilt\u00e4\u00e4n kauniin sinisi\u00e4.<\/p>\n<p>Kiekolla humppahitti\u00e4 seuraa hitti poikineen, Humppaa tai kuole!:sta hanurin alla nukkumiseen (El\u00e4n humpalla) &#8211; kaikkiaan 29 railakasta humppa-klassikkoa.<\/p>\n<p>A)<\/p>\n<p>1. El\u00e4n humpalla<br \/>\n2. Pyjamahumppa<br \/>\n3. Sorvarin humppa<br \/>\n4. Sortohumppa<br \/>\n5. El\u00e4kel\u00e4iset<br \/>\n6. Komerohumppa<br \/>\n7. Surinajenkka<br \/>\n8. P\u00e4t\u00e4 P\u00e4t\u00e4<\/p>\n<p>B)<\/p>\n<p>9. Tarakkihumppa<br \/>\n10. Riivinrautahumppa<br \/>\n11. Ryhtivaliohumppa<br \/>\n12. Orpopojan jenkka<br \/>\n13. Kulttihumppa<br \/>\n14. Sisupussihumppa<br \/>\n15. Humppaleka<br \/>\n16. Konttaushumppa<br \/>\n17. P\u00e4t\u00e4 P\u00e4t\u00e4<\/p>\n<p>C)<\/p>\n<p>18. Humppaan itsekseni<br \/>\n19. Kiitoratahumppa<br \/>\n20. Kuka humpan seisauttaa?<br \/>\n21. Aamupalahumppa<br \/>\n22. Luikurihumppa<br \/>\n23. P\u00e4\u00e4t\u00f6n humppa<br \/>\n24. P\u00e4t\u00e4 P\u00e4t\u00e4<\/p>\n<p>D)<\/p>\n<p>25. Humppaa tai kuole<br \/>\n26. Savua Laatokalla<br \/>\n27. Laakista humppa<br \/>\n28. Kuningashumppa<br \/>\n29. Potkintahumppa<\/p>\n","protected":false},"featured_media":84228,"template":"","meta":{"_acf_changed":false},"product_brand":[],"product_cat":[135,120,107],"product_tag":[],"class_list":{"0":"post-84308","1":"product","2":"type-product","3":"status-publish","4":"has-post-thumbnail","6":"product_cat-coming-soon","7":"product_cat-finnish","8":"product_cat-new","9":"pa_formaatti-lp-en","10":"pa_kaytetty-uusi-coming-soon","11":"pa_kaytetty-uusi-new","13":"first","14":"instock","15":"taxable","16":"shipping-taxable","17":"purchasable","18":"product-type-simple"},"acf":[],"_links":{"self":[{"href":"https:\/\/freshgarbage.fi\/en\/wp-json\/wp\/v2\/product\/84308","targetHints":{"allow":["GET"]}}],"collection":[{"href":"https:\/\/freshgarbage.fi\/en\/wp-json\/wp\/v2\/product"}],"about":[{"href":"https:\/\/freshgarbage.fi\/en\/wp-json\/wp\/v2\/types\/product"}],"wp:featuredmedia":[{"embeddable":true,"href":"https:\/\/freshgarbage.fi\/en\/wp-json\/wp\/v2\/media\/84228"}],"wp:attachment":[{"href":"https:\/\/freshgarbage.fi\/en\/wp-json\/wp\/v2\/media?parent=84308"}],"wp:term":[{"taxonomy":"product_brand","embeddable":true,"href":"https:\/\/freshgarbage.fi\/en\/wp-json\/wp\/v2\/product_brand?post=84308"},{"taxonomy":"product_cat","embeddable":true,"href":"https:\/\/freshgarbage.fi\/en\/wp-json\/wp\/v2\/product_cat?post=84308"},{"taxonomy":"product_tag","embeddable":true,"href":"https:\/\/freshgarbage.fi\/en\/wp-json\/wp\/v2\/product_tag?post=84308"}],"curies":[{"name":"wp","href":"https:\/\/api.w.org\/{rel}","templated":true}]}}