{"id":83922,"date":"2026-03-19T18:59:33","date_gmt":"2026-03-19T16:59:33","guid":{"rendered":"https:\/\/freshgarbage.fi\/tuote\/charli-xcx-wuthering-heights\/"},"modified":"2026-03-28T11:29:43","modified_gmt":"2026-03-28T09:29:43","slug":"charli-xcx-wuthering-heights","status":"publish","type":"product","link":"https:\/\/freshgarbage.fi\/en\/product\/charli-xcx-wuthering-heights\/","title":{"rendered":"Charli XCX \u2013 Wuthering Heights"},"content":{"rendered":"","protected":false},"excerpt":{"rendered":"<p>Green &amp; Black Marbled -vinyyli.<\/p>\n<p>Brittil\u00e4inen popprovokaattori Charli XCX julkistaa kauan odotetun uuden t\u00e4yspitk\u00e4n albuminsa &#8220;Wuthering Heights&#8221;, joka julkaistaan 13. helmikuuta 2026 Atlantic Recordsin kautta \u2013 juuri sopivasti yst\u00e4v\u00e4np\u00e4iv\u00e4ksi. Albumi on per\u00e4isin Charlin ja ohjaaja Emerald Fennellin yhteisty\u00f6st\u00e4 Emily Bront\u00ebn klassikkoromaanin uudelleentulkinnassa \u2013 maailmassa, joka on t\u00e4ynn\u00e4 goottilaisia maisemia ja kidutettua kaipausta. Odotetussa elokuvassa n\u00e4yttelev\u00e4t Margot Robbie ja Jacob Elordi.<\/p>\n<p>P\u00e4\u00e4asiassa yhteisty\u00f6ss\u00e4 brittil\u00e4isen tuottajan Finn Keanen kanssa luotu kahdentoista kappaleen teos v\u00e4litt\u00e4\u00e4 \u00e4\u00e4niestetiikkaa, joka liikkuu elegantin ja brutaalin v\u00e4lisess\u00e4 j\u00e4nnitetilassa. Albumin vakava avaava ja single edelt\u00e4j\u00e4 \u201dHouse\u201d \u2013 jossa esiintyy John Cale The Velvet Undergroundista \u2013 paljastaa t\u00e4ysin uusia puolia Charli XCX:n taiteellisesta laajuudesta. Tinkim\u00e4t\u00f6n ja vision\u00e4\u00e4rinen kappale, joka yhdist\u00e4\u00e4 klassisen musiikin, darkwaven ja raa&#8217;at post-industrial-soundit. Sit\u00e4 vastoin seuraava single \u201dChains of Love\u201d on syd\u00e4mellinen ja tunnelmallinen synthpop-balladi.<\/p>\n<p>A1 House<br \/>\nA2 Wall Of Sound<br \/>\nA3 Dying For You<br \/>\nA4 Always Everywhere<br \/>\nA5 Chains Of Love<br \/>\nA6 Out Of Myself<br \/>\nB1 Open Up<br \/>\nB2 Seeing Things<br \/>\nB3 Altars<br \/>\nB4 Eyes Of The World<br \/>\nB5 My Reminder<br \/>\nB6 Funny Mouth<\/p>\n","protected":false},"featured_media":83849,"template":"","meta":{"_acf_changed":false},"product_brand":[],"product_cat":[107,116,133],"product_tag":[],"class_list":{"0":"post-83922","1":"product","2":"type-product","3":"status-publish","4":"has-post-thumbnail","6":"product_cat-new","7":"product_cat-rock-pop-en","8":"product_cat-soundtracks-en","9":"pa_formaatti-lp-en","10":"pa_kaytetty-uusi-new","12":"first","13":"instock","14":"taxable","15":"shipping-taxable","16":"purchasable","17":"product-type-simple"},"acf":[],"_links":{"self":[{"href":"https:\/\/freshgarbage.fi\/en\/wp-json\/wp\/v2\/product\/83922","targetHints":{"allow":["GET"]}}],"collection":[{"href":"https:\/\/freshgarbage.fi\/en\/wp-json\/wp\/v2\/product"}],"about":[{"href":"https:\/\/freshgarbage.fi\/en\/wp-json\/wp\/v2\/types\/product"}],"wp:featuredmedia":[{"embeddable":true,"href":"https:\/\/freshgarbage.fi\/en\/wp-json\/wp\/v2\/media\/83849"}],"wp:attachment":[{"href":"https:\/\/freshgarbage.fi\/en\/wp-json\/wp\/v2\/media?parent=83922"}],"wp:term":[{"taxonomy":"product_brand","embeddable":true,"href":"https:\/\/freshgarbage.fi\/en\/wp-json\/wp\/v2\/product_brand?post=83922"},{"taxonomy":"product_cat","embeddable":true,"href":"https:\/\/freshgarbage.fi\/en\/wp-json\/wp\/v2\/product_cat?post=83922"},{"taxonomy":"product_tag","embeddable":true,"href":"https:\/\/freshgarbage.fi\/en\/wp-json\/wp\/v2\/product_tag?post=83922"}],"curies":[{"name":"wp","href":"https:\/\/api.w.org\/{rel}","templated":true}]}}