{"id":83921,"date":"2026-03-19T11:45:05","date_gmt":"2026-03-19T09:45:05","guid":{"rendered":"https:\/\/freshgarbage.fi\/tuote\/chris-lorin-rowan-livin-the-life\/"},"modified":"2026-03-19T11:45:05","modified_gmt":"2026-03-19T09:45:05","slug":"chris-lorin-rowan-livin-the-life","status":"publish","type":"product","link":"https:\/\/freshgarbage.fi\/en\/product\/chris-lorin-rowan-livin-the-life\/","title":{"rendered":"Chris &#038; Lorin Rowan \u2013 Livin&#8217; The Life"},"content":{"rendered":"","protected":false},"excerpt":{"rendered":"<p>Alkuper\u00e4inen Italia-painos. \u00c4\u00e4nitetty 1971.<\/p>\n<p>Jonkin verran kevytt\u00e4 j\u00e4lke\u00e4, soi hyvin. Pieni vekki yl\u00e4saumassa, ei puhki.<\/p>\n","protected":false},"featured_media":83882,"template":"","meta":{"_acf_changed":false},"product_brand":[],"product_cat":[128],"product_tag":[],"class_list":{"0":"post-83921","1":"product","2":"type-product","3":"status-publish","4":"has-post-thumbnail","6":"product_cat-country-country-rock-bluegrass-en","7":"pa_formaatti-lp-en","8":"pa_kaytetty-uusi-2nd-hand","10":"first","11":"instock","12":"shipping-taxable","13":"purchasable","14":"product-type-simple"},"acf":[],"_links":{"self":[{"href":"https:\/\/freshgarbage.fi\/en\/wp-json\/wp\/v2\/product\/83921","targetHints":{"allow":["GET"]}}],"collection":[{"href":"https:\/\/freshgarbage.fi\/en\/wp-json\/wp\/v2\/product"}],"about":[{"href":"https:\/\/freshgarbage.fi\/en\/wp-json\/wp\/v2\/types\/product"}],"wp:featuredmedia":[{"embeddable":true,"href":"https:\/\/freshgarbage.fi\/en\/wp-json\/wp\/v2\/media\/83882"}],"wp:attachment":[{"href":"https:\/\/freshgarbage.fi\/en\/wp-json\/wp\/v2\/media?parent=83921"}],"wp:term":[{"taxonomy":"product_brand","embeddable":true,"href":"https:\/\/freshgarbage.fi\/en\/wp-json\/wp\/v2\/product_brand?post=83921"},{"taxonomy":"product_cat","embeddable":true,"href":"https:\/\/freshgarbage.fi\/en\/wp-json\/wp\/v2\/product_cat?post=83921"},{"taxonomy":"product_tag","embeddable":true,"href":"https:\/\/freshgarbage.fi\/en\/wp-json\/wp\/v2\/product_tag?post=83921"}],"curies":[{"name":"wp","href":"https:\/\/api.w.org\/{rel}","templated":true}]}}