{"id":83898,"date":"2026-03-19T11:45:53","date_gmt":"2026-03-19T09:45:53","guid":{"rendered":"https:\/\/freshgarbage.fi\/tuote\/various-jazz-na-koncertnim-podiu\/"},"modified":"2026-03-19T11:45:53","modified_gmt":"2026-03-19T09:45:53","slug":"various-jazz-na-koncertnim-podiu","status":"publish","type":"product","link":"https:\/\/freshgarbage.fi\/en\/product\/various-jazz-na-koncertnim-podiu\/","title":{"rendered":"Various \u2013 Jazz Na Koncertn\u00edm P\u00f3diu"},"content":{"rendered":"","protected":false},"excerpt":{"rendered":"<p>Ensimm\u00e4inen painos.<\/p>\n<p>A1 Pra\u017esk\u00fd Dixieland \u2013 Sv\u011bt \u010cek\u00e1 Na V\u00fdchod Slunce = The World Is Waiting For The Sunrise<br \/>\nA2 Combo \u00dast\u00ed Nad Labem \u2013 Jdu Si Zaryba\u0159it = I&#8217;m Gonna Go Fishing<br \/>\nA3 Junior Trio \u2013 Ve\u010dern\u00ed Hodinka<br \/>\nA4 Traditional Club Bratislava \u2013 Pochodujeme Georgi\u00ed = Marching Through Georgia<br \/>\nA5 Combo 4 Bratislava \u2013 V\u00edt\u016fv Tanec = St. Vitus&#8217; Dance<br \/>\nB1 Jazzov\u00e9 Studio \u010cs. Rozhlasu Praha \u2013 Svita (1. \u010c\u00e1st) Ze Hry Larry Perkins Nezn\u00e1 \u0158emeslo<br \/>\nB2 Trio Rudolfa Rokla \u2013 Pok\u0159ik = The Shout<br \/>\nB3 Kvarteto S+H \u2013 Zbab\u011bl\u00e9 Blues<br \/>\nB4 Kvarteto S+H \u2013 Blond\u00fdnka<\/p>\n","protected":false},"featured_media":83866,"template":"","meta":{"_acf_changed":false},"product_brand":[],"product_cat":[122],"product_tag":[],"class_list":{"0":"post-83898","1":"product","2":"type-product","3":"status-publish","4":"has-post-thumbnail","6":"product_cat-jazz-fusion-en","7":"pa_formaatti-lp-en","8":"pa_kaytetty-uusi-2nd-hand","10":"first","11":"instock","12":"shipping-taxable","13":"purchasable","14":"product-type-simple"},"acf":[],"_links":{"self":[{"href":"https:\/\/freshgarbage.fi\/en\/wp-json\/wp\/v2\/product\/83898","targetHints":{"allow":["GET"]}}],"collection":[{"href":"https:\/\/freshgarbage.fi\/en\/wp-json\/wp\/v2\/product"}],"about":[{"href":"https:\/\/freshgarbage.fi\/en\/wp-json\/wp\/v2\/types\/product"}],"wp:featuredmedia":[{"embeddable":true,"href":"https:\/\/freshgarbage.fi\/en\/wp-json\/wp\/v2\/media\/83866"}],"wp:attachment":[{"href":"https:\/\/freshgarbage.fi\/en\/wp-json\/wp\/v2\/media?parent=83898"}],"wp:term":[{"taxonomy":"product_brand","embeddable":true,"href":"https:\/\/freshgarbage.fi\/en\/wp-json\/wp\/v2\/product_brand?post=83898"},{"taxonomy":"product_cat","embeddable":true,"href":"https:\/\/freshgarbage.fi\/en\/wp-json\/wp\/v2\/product_cat?post=83898"},{"taxonomy":"product_tag","embeddable":true,"href":"https:\/\/freshgarbage.fi\/en\/wp-json\/wp\/v2\/product_tag?post=83898"}],"curies":[{"name":"wp","href":"https:\/\/api.w.org\/{rel}","templated":true}]}}