{"id":83842,"date":"2026-03-17T17:59:21","date_gmt":"2026-03-17T15:59:21","guid":{"rendered":"https:\/\/freshgarbage.fi\/tuote\/pietu-arvola-meidan-taytyy-valvoa-jottemme-nukkuisi-silla-maailma-on-liukas\/"},"modified":"2026-03-17T17:59:21","modified_gmt":"2026-03-17T15:59:21","slug":"pietu-arvola-meidan-taytyy-valvoa-jottemme-nukkuisi-silla-maailma-on-liukas","status":"publish","type":"product","link":"https:\/\/freshgarbage.fi\/en\/product\/pietu-arvola-meidan-taytyy-valvoa-jottemme-nukkuisi-silla-maailma-on-liukas\/","title":{"rendered":"Pietu Arvola \u2013 Meid\u00e4n T\u00e4ytyy Valvoa Jottemme Nukkuisi, Sill\u00e4 Maailma On Liukas"},"content":{"rendered":"","protected":false},"excerpt":{"rendered":"<p>Meid\u00e4n t\u00e4ytyy valvoa jottemme nukkuisi, sill\u00e4 maailma on liukas, by Finnish sound and experimental video artist Pietu Arvola, is a hauntingly beautiful collection of evolving soundscapes that linger in a space between clarity and the ungraspable. Composed during a year shaped by personal loss and a seasonless grey stillness, the album conveys a quiet unease where time seems suspended and emotion moves beneath the surface.<\/p>\n<p>Field recordings from the last natural forests of southern Finland; the sound of wet undergrowth, branches moving with the wind, creatures wailing in the distance, are carefully woven together with microtonal bells, processed acoustic fragments, and subtle electronic textures. The boundaries between organic and synthetic dissolve, creating sounds that feel tactile yet impossible to locate.<\/p>\n<p>The album\u2019s title is taken from a cryptic letter by the 19th-century painter Pekka Halonen. In Arvola\u2019s hands, the phrase becomes a call for wakefulness in a world that numbs. Rather than offering escape or resolution, the music invites the listener to slow down and remain present, to notice the detail within disorientation.<\/p>\n<p>This is a work of restraint and attention. It asks to be inhabited rather than explained, resonating with the uncertainty of the present while holding space for something tender beneath the noise.<\/p>\n<p>A1 P\u00f6lyn Keskelt\u00e4<br \/>\nA2 Kaikki V\u00e4\u00e4ristyy<br \/>\nA3 Sytev\u00e4<br \/>\nA4 Surujen Vuosi<br \/>\nA5 Puoliksi Unessa<br \/>\nB1 Tomun Alta<br \/>\nB2 Vetoinen Huone<br \/>\nB3 Y\u00f6n Pimeydess\u00e4 N\u00e4in Taivaallisia N\u00e4kyj\u00e4<br \/>\nB4 Onko Jo Liian My\u00f6h\u00e4ist\u00e4<\/p>\n","protected":false},"featured_media":83794,"template":"","meta":{"_acf_changed":false},"product_brand":[],"product_cat":[126,120,107],"product_tag":[],"class_list":{"0":"post-83842","1":"product","2":"type-product","3":"status-publish","4":"has-post-thumbnail","6":"product_cat-experimental-ambient-noise-contemporary-classical","7":"product_cat-finnish","8":"product_cat-new","9":"pa_formaatti-lp-en","10":"pa_kaytetty-uusi-new","12":"first","13":"instock","14":"taxable","15":"shipping-taxable","16":"purchasable","17":"product-type-simple"},"acf":[],"_links":{"self":[{"href":"https:\/\/freshgarbage.fi\/en\/wp-json\/wp\/v2\/product\/83842","targetHints":{"allow":["GET"]}}],"collection":[{"href":"https:\/\/freshgarbage.fi\/en\/wp-json\/wp\/v2\/product"}],"about":[{"href":"https:\/\/freshgarbage.fi\/en\/wp-json\/wp\/v2\/types\/product"}],"wp:featuredmedia":[{"embeddable":true,"href":"https:\/\/freshgarbage.fi\/en\/wp-json\/wp\/v2\/media\/83794"}],"wp:attachment":[{"href":"https:\/\/freshgarbage.fi\/en\/wp-json\/wp\/v2\/media?parent=83842"}],"wp:term":[{"taxonomy":"product_brand","embeddable":true,"href":"https:\/\/freshgarbage.fi\/en\/wp-json\/wp\/v2\/product_brand?post=83842"},{"taxonomy":"product_cat","embeddable":true,"href":"https:\/\/freshgarbage.fi\/en\/wp-json\/wp\/v2\/product_cat?post=83842"},{"taxonomy":"product_tag","embeddable":true,"href":"https:\/\/freshgarbage.fi\/en\/wp-json\/wp\/v2\/product_tag?post=83842"}],"curies":[{"name":"wp","href":"https:\/\/api.w.org\/{rel}","templated":true}]}}