{"id":83783,"date":"2026-03-17T11:44:24","date_gmt":"2026-03-17T09:44:24","guid":{"rendered":"https:\/\/freshgarbage.fi\/tuote\/midnight-oil-blue-sky-mining\/"},"modified":"2026-03-17T11:44:24","modified_gmt":"2026-03-17T09:44:24","slug":"midnight-oil-blue-sky-mining","status":"publish","type":"product","link":"https:\/\/freshgarbage.fi\/en\/product\/midnight-oil-blue-sky-mining\/","title":{"rendered":"Midnight Oil \u2013 Blue Sky Mining"},"content":{"rendered":"","protected":false},"excerpt":{"rendered":"<p>Alkuper\u00e4inen Eurooppa-painos.<\/p>\n<p>Levyss\u00e4 hentoa sis\u00e4pussin j\u00e4tt\u00e4m\u00e4\u00e4 hankaumaa\/hiusj\u00e4lke\u00e4, mutta soi ongelmitta.<\/p>\n","protected":false},"featured_media":83677,"template":"","meta":{"_acf_changed":false},"product_brand":[],"product_cat":[116],"product_tag":[],"class_list":{"0":"post-83783","1":"product","2":"type-product","3":"status-publish","4":"has-post-thumbnail","6":"product_cat-rock-pop-en","7":"pa_formaatti-lp-en","8":"pa_kaytetty-uusi-2nd-hand","10":"first","11":"instock","12":"shipping-taxable","13":"purchasable","14":"product-type-simple"},"acf":[],"_links":{"self":[{"href":"https:\/\/freshgarbage.fi\/en\/wp-json\/wp\/v2\/product\/83783","targetHints":{"allow":["GET"]}}],"collection":[{"href":"https:\/\/freshgarbage.fi\/en\/wp-json\/wp\/v2\/product"}],"about":[{"href":"https:\/\/freshgarbage.fi\/en\/wp-json\/wp\/v2\/types\/product"}],"wp:featuredmedia":[{"embeddable":true,"href":"https:\/\/freshgarbage.fi\/en\/wp-json\/wp\/v2\/media\/83677"}],"wp:attachment":[{"href":"https:\/\/freshgarbage.fi\/en\/wp-json\/wp\/v2\/media?parent=83783"}],"wp:term":[{"taxonomy":"product_brand","embeddable":true,"href":"https:\/\/freshgarbage.fi\/en\/wp-json\/wp\/v2\/product_brand?post=83783"},{"taxonomy":"product_cat","embeddable":true,"href":"https:\/\/freshgarbage.fi\/en\/wp-json\/wp\/v2\/product_cat?post=83783"},{"taxonomy":"product_tag","embeddable":true,"href":"https:\/\/freshgarbage.fi\/en\/wp-json\/wp\/v2\/product_tag?post=83783"}],"curies":[{"name":"wp","href":"https:\/\/api.w.org\/{rel}","templated":true}]}}