{"id":83782,"date":"2026-03-17T11:44:27","date_gmt":"2026-03-17T09:44:27","guid":{"rendered":"https:\/\/freshgarbage.fi\/tuote\/evolution-s-m-i-l-e-sparkling-sun-ritual-trance-electro-eierbass-maxi\/"},"modified":"2026-03-17T11:44:27","modified_gmt":"2026-03-17T09:44:27","slug":"evolution-s-m-i-l-e-sparkling-sun-ritual-trance-electro-eierbass-maxi","status":"publish","type":"product","link":"https:\/\/freshgarbage.fi\/en\/product\/evolution-s-m-i-l-e-sparkling-sun-ritual-trance-electro-eierbass-maxi\/","title":{"rendered":"Evolution \/ S.M.I.L.E. \u2013 Sparkling Sun \/ Ritual Trance \/ Electro Eierbass MAXI"},"content":{"rendered":"","protected":false},"excerpt":{"rendered":"<p>Geneerinen kansi. Hieman kevytt\u00e4 sis\u00e4pussij\u00e4lke\u00e4, soi hyvin.<\/p>\n<p>A1 Evolution \u2013 Sparkling Sun<br \/>\nA2 Evolution \/ S.M.I.L.E. \u2013 Ritual Trance<br \/>\nB S.M.I.L.E. \u2013 Electro Eierbass<\/p>\n","protected":false},"featured_media":83668,"template":"","meta":{"_acf_changed":false},"product_brand":[],"product_cat":[127],"product_tag":[],"class_list":{"0":"post-83782","1":"product","2":"type-product","3":"status-publish","4":"has-post-thumbnail","6":"product_cat-electronic-en","7":"pa_formaatti-12-en","8":"pa_kaytetty-uusi-2nd-hand","10":"first","11":"instock","12":"shipping-taxable","13":"purchasable","14":"product-type-simple"},"acf":[],"_links":{"self":[{"href":"https:\/\/freshgarbage.fi\/en\/wp-json\/wp\/v2\/product\/83782","targetHints":{"allow":["GET"]}}],"collection":[{"href":"https:\/\/freshgarbage.fi\/en\/wp-json\/wp\/v2\/product"}],"about":[{"href":"https:\/\/freshgarbage.fi\/en\/wp-json\/wp\/v2\/types\/product"}],"wp:featuredmedia":[{"embeddable":true,"href":"https:\/\/freshgarbage.fi\/en\/wp-json\/wp\/v2\/media\/83668"}],"wp:attachment":[{"href":"https:\/\/freshgarbage.fi\/en\/wp-json\/wp\/v2\/media?parent=83782"}],"wp:term":[{"taxonomy":"product_brand","embeddable":true,"href":"https:\/\/freshgarbage.fi\/en\/wp-json\/wp\/v2\/product_brand?post=83782"},{"taxonomy":"product_cat","embeddable":true,"href":"https:\/\/freshgarbage.fi\/en\/wp-json\/wp\/v2\/product_cat?post=83782"},{"taxonomy":"product_tag","embeddable":true,"href":"https:\/\/freshgarbage.fi\/en\/wp-json\/wp\/v2\/product_tag?post=83782"}],"curies":[{"name":"wp","href":"https:\/\/api.w.org\/{rel}","templated":true}]}}