{"id":83777,"date":"2026-03-17T11:45:13","date_gmt":"2026-03-17T09:45:13","guid":{"rendered":"https:\/\/freshgarbage.fi\/tuote\/morwells-unlimited-thief-a-dub-maxi\/"},"modified":"2026-03-17T11:45:13","modified_gmt":"2026-03-17T09:45:13","slug":"morwells-unlimited-thief-a-dub-maxi","status":"publish","type":"product","link":"https:\/\/freshgarbage.fi\/en\/product\/morwells-unlimited-thief-a-dub-maxi\/","title":{"rendered":"Morwells Unlimited \u2013 Thief A Dub MAXI"},"content":{"rendered":"","protected":false},"excerpt":{"rendered":"<p>Alkuper\u00e4inen ja ainoa painos.<\/p>\n<p>Kansi muuten siisti yhti\u00f6kansi, mutta molemmin puolin tussilla kirjoitettu esitt\u00e4j\u00e4 ja kappale.<\/p>\n<p>1 Thief A Dub<br \/>\nA2 Sticks Dub<br \/>\nB1 Bag Up Dub<br \/>\nB2 Grab N Flee Dub<\/p>\n","protected":false},"featured_media":83675,"template":"","meta":{"_acf_changed":false},"product_brand":[],"product_cat":[115],"product_tag":[],"class_list":{"0":"post-83777","1":"product","2":"type-product","3":"status-publish","4":"has-post-thumbnail","6":"product_cat-reggae-dub-dancehall-ska-en","7":"pa_formaatti-12-en","8":"pa_kaytetty-uusi-2nd-hand","10":"first","11":"instock","12":"shipping-taxable","13":"purchasable","14":"product-type-simple"},"acf":[],"_links":{"self":[{"href":"https:\/\/freshgarbage.fi\/en\/wp-json\/wp\/v2\/product\/83777","targetHints":{"allow":["GET"]}}],"collection":[{"href":"https:\/\/freshgarbage.fi\/en\/wp-json\/wp\/v2\/product"}],"about":[{"href":"https:\/\/freshgarbage.fi\/en\/wp-json\/wp\/v2\/types\/product"}],"wp:featuredmedia":[{"embeddable":true,"href":"https:\/\/freshgarbage.fi\/en\/wp-json\/wp\/v2\/media\/83675"}],"wp:attachment":[{"href":"https:\/\/freshgarbage.fi\/en\/wp-json\/wp\/v2\/media?parent=83777"}],"wp:term":[{"taxonomy":"product_brand","embeddable":true,"href":"https:\/\/freshgarbage.fi\/en\/wp-json\/wp\/v2\/product_brand?post=83777"},{"taxonomy":"product_cat","embeddable":true,"href":"https:\/\/freshgarbage.fi\/en\/wp-json\/wp\/v2\/product_cat?post=83777"},{"taxonomy":"product_tag","embeddable":true,"href":"https:\/\/freshgarbage.fi\/en\/wp-json\/wp\/v2\/product_tag?post=83777"}],"curies":[{"name":"wp","href":"https:\/\/api.w.org\/{rel}","templated":true}]}}