{"id":83760,"date":"2026-03-17T11:45:46","date_gmt":"2026-03-17T09:45:46","guid":{"rendered":"https:\/\/freshgarbage.fi\/tuote\/trio-toykeat-paivaa\/"},"modified":"2026-03-17T11:45:46","modified_gmt":"2026-03-17T09:45:46","slug":"trio-toykeat-paivaa","status":"publish","type":"product","link":"https:\/\/freshgarbage.fi\/en\/product\/trio-toykeat-paivaa\/","title":{"rendered":"Trio T\u00f6yke\u00e4t \u2013 -P\u00e4iv\u00e4\u00e4!"},"content":{"rendered":"","protected":false},"excerpt":{"rendered":"<p>Alkuper\u00e4inen ja ainoa vinyylipainos.<\/p>\n","protected":false},"featured_media":83663,"template":"","meta":{"_acf_changed":false},"product_brand":[],"product_cat":[120,122],"product_tag":[],"class_list":{"0":"post-83760","1":"product","2":"type-product","3":"status-publish","4":"has-post-thumbnail","6":"product_cat-finnish","7":"product_cat-jazz-fusion-en","8":"pa_formaatti-lp-en","9":"pa_kaytetty-uusi-2nd-hand","11":"first","12":"instock","13":"shipping-taxable","14":"purchasable","15":"product-type-simple"},"acf":[],"_links":{"self":[{"href":"https:\/\/freshgarbage.fi\/en\/wp-json\/wp\/v2\/product\/83760","targetHints":{"allow":["GET"]}}],"collection":[{"href":"https:\/\/freshgarbage.fi\/en\/wp-json\/wp\/v2\/product"}],"about":[{"href":"https:\/\/freshgarbage.fi\/en\/wp-json\/wp\/v2\/types\/product"}],"wp:featuredmedia":[{"embeddable":true,"href":"https:\/\/freshgarbage.fi\/en\/wp-json\/wp\/v2\/media\/83663"}],"wp:attachment":[{"href":"https:\/\/freshgarbage.fi\/en\/wp-json\/wp\/v2\/media?parent=83760"}],"wp:term":[{"taxonomy":"product_brand","embeddable":true,"href":"https:\/\/freshgarbage.fi\/en\/wp-json\/wp\/v2\/product_brand?post=83760"},{"taxonomy":"product_cat","embeddable":true,"href":"https:\/\/freshgarbage.fi\/en\/wp-json\/wp\/v2\/product_cat?post=83760"},{"taxonomy":"product_tag","embeddable":true,"href":"https:\/\/freshgarbage.fi\/en\/wp-json\/wp\/v2\/product_tag?post=83760"}],"curies":[{"name":"wp","href":"https:\/\/api.w.org\/{rel}","templated":true}]}}