{"id":83748,"date":"2026-03-17T11:46:01","date_gmt":"2026-03-17T09:46:01","guid":{"rendered":"https:\/\/freshgarbage.fi\/tuote\/mike-absalom-mike-absalom\/"},"modified":"2026-03-17T11:46:01","modified_gmt":"2026-03-17T09:46:01","slug":"mike-absalom-mike-absalom","status":"publish","type":"product","link":"https:\/\/freshgarbage.fi\/en\/product\/mike-absalom-mike-absalom\/","title":{"rendered":"Mike Absalom \u2013 Mike Absalom"},"content":{"rendered":"","protected":false},"excerpt":{"rendered":"<p>Ensimm\u00e4inen UK-painos isolla Vertigon &#8220;swirl&#8221;-etiketill\u00e4.<\/p>\n<p>Levyss\u00e4 vain jokunen eritt\u00e4in hento hiusj\u00e4lki. Soi puhtaasti. Julistekansissa kevytt\u00e4 reunakulumaa.<\/p>\n","protected":false},"featured_media":83652,"template":"","meta":{"_acf_changed":false},"product_brand":[],"product_cat":[125],"product_tag":[],"class_list":{"0":"post-83748","1":"product","2":"type-product","3":"status-publish","4":"has-post-thumbnail","6":"product_cat-folk-folk-rock-acoustic-en","7":"pa_formaatti-lp-en","8":"pa_kaytetty-uusi-2nd-hand","10":"first","11":"instock","12":"shipping-taxable","13":"purchasable","14":"product-type-simple"},"acf":[],"_links":{"self":[{"href":"https:\/\/freshgarbage.fi\/en\/wp-json\/wp\/v2\/product\/83748","targetHints":{"allow":["GET"]}}],"collection":[{"href":"https:\/\/freshgarbage.fi\/en\/wp-json\/wp\/v2\/product"}],"about":[{"href":"https:\/\/freshgarbage.fi\/en\/wp-json\/wp\/v2\/types\/product"}],"wp:featuredmedia":[{"embeddable":true,"href":"https:\/\/freshgarbage.fi\/en\/wp-json\/wp\/v2\/media\/83652"}],"wp:attachment":[{"href":"https:\/\/freshgarbage.fi\/en\/wp-json\/wp\/v2\/media?parent=83748"}],"wp:term":[{"taxonomy":"product_brand","embeddable":true,"href":"https:\/\/freshgarbage.fi\/en\/wp-json\/wp\/v2\/product_brand?post=83748"},{"taxonomy":"product_cat","embeddable":true,"href":"https:\/\/freshgarbage.fi\/en\/wp-json\/wp\/v2\/product_cat?post=83748"},{"taxonomy":"product_tag","embeddable":true,"href":"https:\/\/freshgarbage.fi\/en\/wp-json\/wp\/v2\/product_tag?post=83748"}],"curies":[{"name":"wp","href":"https:\/\/api.w.org\/{rel}","templated":true}]}}