{"id":83578,"date":"2026-03-13T12:00:45","date_gmt":"2026-03-13T10:00:45","guid":{"rendered":"https:\/\/freshgarbage.fi\/tuote\/shye-ben-tzur-jonny-greenwood-the-rajasthan-express-ranjha\/"},"modified":"2026-03-13T12:00:45","modified_gmt":"2026-03-13T10:00:45","slug":"shye-ben-tzur-jonny-greenwood-the-rajasthan-express-ranjha","status":"publish","type":"product","link":"https:\/\/freshgarbage.fi\/en\/product\/shye-ben-tzur-jonny-greenwood-the-rajasthan-express-ranjha\/","title":{"rendered":"Ilmestyy 8.5.2026 \/ Shye Ben-Tzur &#038; Jonny Greenwood &#038; The Rajasthan Express \u2013 Ranjha"},"content":{"rendered":"","protected":false},"excerpt":{"rendered":"<p>ENNAKKOTILAUS. Ilmestyy 8.5.2026.<\/p>\n<p>Ranjha on palkitun s\u00e4velt\u00e4j\u00e4 ja Radiohead-kitaristin Jonny Greenwoodin, arvostetun s\u00e4velt\u00e4j\u00e4n ja muusikon Shye Ben Tzurin sek\u00e4 intialaisen The Rajasthan Express -yhtyeen uusi albumi ja yhteisty\u00f6. Tuleva albumi on jatkoa heid\u00e4n kriitikoiden ylist\u00e4m\u00e4lle debyyttialbumilleen Junun, joka t\u00e4ytti juuri 10-vuotisjuhlavuotensa vuonna 2025.<\/p>\n<p>Junun \u00e4\u00e4nitettiin v\u00e4liaikaisessa studiossa historiallisessa 1400-luvun Mehrangarhin linnoituksessa Rajasthanissa Intiassa, kun taas Ranjha luotiin intiimimm\u00e4ss\u00e4 ymp\u00e4rist\u00f6ss\u00e4 \u2013 Jonny Greenwoodin studiossa Oxfordissa Englannissa.<\/p>\n","protected":false},"featured_media":83529,"template":"","meta":{"_acf_changed":false},"product_brand":[],"product_cat":[135,126,107],"product_tag":[],"class_list":{"0":"post-83578","1":"product","2":"type-product","3":"status-publish","4":"has-post-thumbnail","6":"product_cat-coming-soon","7":"product_cat-experimental-ambient-noise-contemporary-classical","8":"product_cat-new","9":"pa_formaatti-lp-en","10":"pa_kaytetty-uusi-coming-soon","11":"pa_kaytetty-uusi-new","13":"first","14":"instock","15":"taxable","16":"shipping-taxable","17":"purchasable","18":"product-type-simple"},"acf":[],"_links":{"self":[{"href":"https:\/\/freshgarbage.fi\/en\/wp-json\/wp\/v2\/product\/83578","targetHints":{"allow":["GET"]}}],"collection":[{"href":"https:\/\/freshgarbage.fi\/en\/wp-json\/wp\/v2\/product"}],"about":[{"href":"https:\/\/freshgarbage.fi\/en\/wp-json\/wp\/v2\/types\/product"}],"wp:featuredmedia":[{"embeddable":true,"href":"https:\/\/freshgarbage.fi\/en\/wp-json\/wp\/v2\/media\/83529"}],"wp:attachment":[{"href":"https:\/\/freshgarbage.fi\/en\/wp-json\/wp\/v2\/media?parent=83578"}],"wp:term":[{"taxonomy":"product_brand","embeddable":true,"href":"https:\/\/freshgarbage.fi\/en\/wp-json\/wp\/v2\/product_brand?post=83578"},{"taxonomy":"product_cat","embeddable":true,"href":"https:\/\/freshgarbage.fi\/en\/wp-json\/wp\/v2\/product_cat?post=83578"},{"taxonomy":"product_tag","embeddable":true,"href":"https:\/\/freshgarbage.fi\/en\/wp-json\/wp\/v2\/product_tag?post=83578"}],"curies":[{"name":"wp","href":"https:\/\/api.w.org\/{rel}","templated":true}]}}