{"id":83572,"date":"2026-03-12T15:02:15","date_gmt":"2026-03-12T13:02:15","guid":{"rendered":"https:\/\/freshgarbage.fi\/tuote\/olavi-uusivirta-camouflage\/"},"modified":"2026-03-12T15:02:15","modified_gmt":"2026-03-12T13:02:15","slug":"olavi-uusivirta-camouflage","status":"publish","type":"product","link":"https:\/\/freshgarbage.fi\/en\/product\/olavi-uusivirta-camouflage\/","title":{"rendered":"Ilmestyy 1.5.2026 \/ Olavi Uusivirta \u2013 Camouflage"},"content":{"rendered":"","protected":false},"excerpt":{"rendered":"<p>ENNAKKOTILAUS. Ilmestyy 1.5.2026.<\/p>\n<p>2LP. V\u00e4rivinyyli.<\/p>\n<p>Kotimaisen pop-musiikin kansallisaarre Olavi Uusivirta julkaisee kymmenennen albuminsa Camouflage.<\/p>\n<p>Albumin tuotannoista vastaa t\u00e4ll\u00e4 kertaa ensimm\u00e4ist\u00e4 kertaa t\u00e4ysin uusi kokoonpano tuottajia, kun kotimaiset huippunimet kuten Danitello, Heviteemu, Alpo Nummelin ja Timo K\u00e4m\u00e4r\u00e4inen yhdist\u00e4v\u00e4t voimansa albumin kappaleilla. Camouflage on inspiroiva yhdistelm\u00e4 nostalgiaa, uusia kohtaamisia ja popmusiikin rajatonta leikki\u00e4.<\/p>\n","protected":false},"featured_media":83432,"template":"","meta":{"_acf_changed":false},"product_brand":[],"product_cat":[135,120,107],"product_tag":[],"class_list":{"0":"post-83572","1":"product","2":"type-product","3":"status-publish","4":"has-post-thumbnail","6":"product_cat-coming-soon","7":"product_cat-finnish","8":"product_cat-new","9":"pa_formaatti-lp-en","10":"pa_kaytetty-uusi-coming-soon","11":"pa_kaytetty-uusi-new","13":"first","14":"instock","15":"taxable","16":"shipping-taxable","17":"purchasable","18":"product-type-simple"},"acf":[],"_links":{"self":[{"href":"https:\/\/freshgarbage.fi\/en\/wp-json\/wp\/v2\/product\/83572","targetHints":{"allow":["GET"]}}],"collection":[{"href":"https:\/\/freshgarbage.fi\/en\/wp-json\/wp\/v2\/product"}],"about":[{"href":"https:\/\/freshgarbage.fi\/en\/wp-json\/wp\/v2\/types\/product"}],"wp:featuredmedia":[{"embeddable":true,"href":"https:\/\/freshgarbage.fi\/en\/wp-json\/wp\/v2\/media\/83432"}],"wp:attachment":[{"href":"https:\/\/freshgarbage.fi\/en\/wp-json\/wp\/v2\/media?parent=83572"}],"wp:term":[{"taxonomy":"product_brand","embeddable":true,"href":"https:\/\/freshgarbage.fi\/en\/wp-json\/wp\/v2\/product_brand?post=83572"},{"taxonomy":"product_cat","embeddable":true,"href":"https:\/\/freshgarbage.fi\/en\/wp-json\/wp\/v2\/product_cat?post=83572"},{"taxonomy":"product_tag","embeddable":true,"href":"https:\/\/freshgarbage.fi\/en\/wp-json\/wp\/v2\/product_tag?post=83572"}],"curies":[{"name":"wp","href":"https:\/\/api.w.org\/{rel}","templated":true}]}}