{"id":83570,"date":"2026-03-12T15:02:51","date_gmt":"2026-03-12T13:02:51","guid":{"rendered":"https:\/\/freshgarbage.fi\/tuote\/thastrom-flytta-isbergen-vattna-svarmorstungan-ta-med-soporna-ut\/"},"modified":"2026-03-12T15:02:51","modified_gmt":"2026-03-12T13:02:51","slug":"thastrom-flytta-isbergen-vattna-svarmorstungan-ta-med-soporna-ut","status":"publish","type":"product","link":"https:\/\/freshgarbage.fi\/en\/product\/thastrom-flytta-isbergen-vattna-svarmorstungan-ta-med-soporna-ut\/","title":{"rendered":"Ilmestyy 1.5.2026 \/ Th\u00e5str\u00f6m \u2013 Flytta isbergen, vattna sv\u00e4rmorstungan, ta med soporna ut"},"content":{"rendered":"","protected":false},"excerpt":{"rendered":"<p>ENNAKKOTILAUS. Ilmestyy 1.5.2026.<\/p>\n<p>The album was recorded in Stockholm, Malm\u00f6, Gothenburg, and Copenhagen during the concert years 2022-2025. The recordings were made by Kalle Gustafsson Jerneholm, Oskar Lindberg, Gy\u00f6rgy Barocsai, and Henrik Alser at Svenska Grammofonstudion mobile. Mixed by Sanken Sandqvist and Niklas Hellberg at Toytown Studio Stockholm\/Palma. Mastered by Bj\u00f6rn Engelmann, Cutting Room Stockholm. Produced by Th\u00e5str\u00f6m. Cover art by Robert Hurula.<\/p>\n<p>A<br \/>\nDom som skiner<br \/>\nMagiskt o\u00e4ndligt<br \/>\nIngen ner\u00e5ts\u00e5ng<br \/>\nSolen i den v\u00e4nstra<\/p>\n<p>B<br \/>\nK\u00f6rkarlen<br \/>\nPapperstunna v\u00e4ggar<br \/>\nFlicka med guld<br \/>\nIngen sjunger blues som Jeffrey Lee Pierce<\/p>\n<p>C<br \/>\nM\u00e4rk hur v\u00e5r skugga<br \/>\nL\u00e5ngtbort<br \/>\nS\u00f6dra Korset<br \/>\nFlyktsoda<\/p>\n<p>D<br \/>\nMiss Huddinge &#8211; 72<br \/>\nAlla vill till himlen<br \/>\nDet b\u00e4sta av allt<\/p>\n","protected":false},"featured_media":83435,"template":"","meta":{"_acf_changed":false},"product_brand":[],"product_cat":[130,135,107],"product_tag":[],"class_list":{"0":"post-83570","1":"product","2":"type-product","3":"status-publish","4":"has-post-thumbnail","6":"product_cat-alternative-indie-rock","7":"product_cat-coming-soon","8":"product_cat-new","9":"pa_formaatti-lp-en","10":"pa_kaytetty-uusi-coming-soon","11":"pa_kaytetty-uusi-new","13":"first","14":"instock","15":"taxable","16":"shipping-taxable","17":"purchasable","18":"product-type-simple"},"acf":[],"_links":{"self":[{"href":"https:\/\/freshgarbage.fi\/en\/wp-json\/wp\/v2\/product\/83570","targetHints":{"allow":["GET"]}}],"collection":[{"href":"https:\/\/freshgarbage.fi\/en\/wp-json\/wp\/v2\/product"}],"about":[{"href":"https:\/\/freshgarbage.fi\/en\/wp-json\/wp\/v2\/types\/product"}],"wp:featuredmedia":[{"embeddable":true,"href":"https:\/\/freshgarbage.fi\/en\/wp-json\/wp\/v2\/media\/83435"}],"wp:attachment":[{"href":"https:\/\/freshgarbage.fi\/en\/wp-json\/wp\/v2\/media?parent=83570"}],"wp:term":[{"taxonomy":"product_brand","embeddable":true,"href":"https:\/\/freshgarbage.fi\/en\/wp-json\/wp\/v2\/product_brand?post=83570"},{"taxonomy":"product_cat","embeddable":true,"href":"https:\/\/freshgarbage.fi\/en\/wp-json\/wp\/v2\/product_cat?post=83570"},{"taxonomy":"product_tag","embeddable":true,"href":"https:\/\/freshgarbage.fi\/en\/wp-json\/wp\/v2\/product_tag?post=83570"}],"curies":[{"name":"wp","href":"https:\/\/api.w.org\/{rel}","templated":true}]}}