{"id":83560,"date":"2026-03-13T11:45:17","date_gmt":"2026-03-13T09:45:17","guid":{"rendered":"https:\/\/freshgarbage.fi\/tuote\/dead-or-alive-you-spin-me-round-like-a-record-murder-mix-maxi\/"},"modified":"2026-03-13T11:45:17","modified_gmt":"2026-03-13T09:45:17","slug":"dead-or-alive-you-spin-me-round-like-a-record-murder-mix-maxi","status":"publish","type":"product","link":"https:\/\/freshgarbage.fi\/en\/product\/dead-or-alive-you-spin-me-round-like-a-record-murder-mix-maxi\/","title":{"rendered":"Dead Or Alive \u2013 You Spin Me Round (Like A Record) (Murder Mix) MAXI"},"content":{"rendered":"","protected":false},"excerpt":{"rendered":"<p>Alkuper\u00e4inen USA-painos.<\/p>\n<p>Levyss\u00e4 pari kevytt\u00e4 pintaj\u00e4lke\u00e4, soi hienosti. Geneerinen kansi hieman nuhruinen.<\/p>\n<p>A You Spin Me Round (Like A Record) (Murder Mix) 8:00<br \/>\nB Misty Circles (Extended Version) 9:10<\/p>\n","protected":false},"featured_media":83477,"template":"","meta":{"_acf_changed":false},"product_brand":[],"product_cat":[117],"product_tag":[],"class_list":{"0":"post-83560","1":"product","2":"type-product","3":"status-publish","4":"has-post-thumbnail","6":"product_cat-new-wave-goth-rock-synth-pop-post-punk-en","7":"pa_formaatti-12-en","8":"pa_kaytetty-uusi-2nd-hand","10":"first","11":"instock","12":"shipping-taxable","13":"purchasable","14":"product-type-simple"},"acf":[],"_links":{"self":[{"href":"https:\/\/freshgarbage.fi\/en\/wp-json\/wp\/v2\/product\/83560","targetHints":{"allow":["GET"]}}],"collection":[{"href":"https:\/\/freshgarbage.fi\/en\/wp-json\/wp\/v2\/product"}],"about":[{"href":"https:\/\/freshgarbage.fi\/en\/wp-json\/wp\/v2\/types\/product"}],"wp:featuredmedia":[{"embeddable":true,"href":"https:\/\/freshgarbage.fi\/en\/wp-json\/wp\/v2\/media\/83477"}],"wp:attachment":[{"href":"https:\/\/freshgarbage.fi\/en\/wp-json\/wp\/v2\/media?parent=83560"}],"wp:term":[{"taxonomy":"product_brand","embeddable":true,"href":"https:\/\/freshgarbage.fi\/en\/wp-json\/wp\/v2\/product_brand?post=83560"},{"taxonomy":"product_cat","embeddable":true,"href":"https:\/\/freshgarbage.fi\/en\/wp-json\/wp\/v2\/product_cat?post=83560"},{"taxonomy":"product_tag","embeddable":true,"href":"https:\/\/freshgarbage.fi\/en\/wp-json\/wp\/v2\/product_tag?post=83560"}],"curies":[{"name":"wp","href":"https:\/\/api.w.org\/{rel}","templated":true}]}}