{"id":83539,"date":"2026-03-13T11:45:55","date_gmt":"2026-03-13T09:45:55","guid":{"rendered":"https:\/\/freshgarbage.fi\/tuote\/the-simpsons-the-simpsons-sing-the-blues\/"},"modified":"2026-03-13T11:45:55","modified_gmt":"2026-03-13T09:45:55","slug":"the-simpsons-the-simpsons-sing-the-blues","status":"publish","type":"product","link":"https:\/\/freshgarbage.fi\/en\/product\/the-simpsons-the-simpsons-sing-the-blues\/","title":{"rendered":"The Simpsons \u2013 The Simpsons Sing The Blues"},"content":{"rendered":"","protected":false},"excerpt":{"rendered":"<p>Alkuper\u00e4inen Eurooppa-painos.<\/p>\n<p>Hieman kevytt\u00e4 sis\u00e4pussij\u00e4lke\u00e4, soi hyvin.<\/p>\n","protected":false},"featured_media":83469,"template":"","meta":{"_acf_changed":false},"product_brand":[],"product_cat":[116,132,133],"product_tag":[],"class_list":{"0":"post-83539","1":"product","2":"type-product","3":"status-publish","4":"has-post-thumbnail","6":"product_cat-rock-pop-en","7":"product_cat-soul-funk-disco-rnb-en","8":"product_cat-soundtracks-en","9":"pa_formaatti-lp-en","10":"pa_kaytetty-uusi-2nd-hand","12":"first","13":"instock","14":"shipping-taxable","15":"purchasable","16":"product-type-simple"},"acf":[],"_links":{"self":[{"href":"https:\/\/freshgarbage.fi\/en\/wp-json\/wp\/v2\/product\/83539","targetHints":{"allow":["GET"]}}],"collection":[{"href":"https:\/\/freshgarbage.fi\/en\/wp-json\/wp\/v2\/product"}],"about":[{"href":"https:\/\/freshgarbage.fi\/en\/wp-json\/wp\/v2\/types\/product"}],"wp:featuredmedia":[{"embeddable":true,"href":"https:\/\/freshgarbage.fi\/en\/wp-json\/wp\/v2\/media\/83469"}],"wp:attachment":[{"href":"https:\/\/freshgarbage.fi\/en\/wp-json\/wp\/v2\/media?parent=83539"}],"wp:term":[{"taxonomy":"product_brand","embeddable":true,"href":"https:\/\/freshgarbage.fi\/en\/wp-json\/wp\/v2\/product_brand?post=83539"},{"taxonomy":"product_cat","embeddable":true,"href":"https:\/\/freshgarbage.fi\/en\/wp-json\/wp\/v2\/product_cat?post=83539"},{"taxonomy":"product_tag","embeddable":true,"href":"https:\/\/freshgarbage.fi\/en\/wp-json\/wp\/v2\/product_tag?post=83539"}],"curies":[{"name":"wp","href":"https:\/\/api.w.org\/{rel}","templated":true}]}}