{"id":83536,"date":"2026-03-13T11:45:57","date_gmt":"2026-03-13T09:45:57","guid":{"rendered":"https:\/\/freshgarbage.fi\/tuote\/little-stevie-wonder-the-12-year-old-genius-recorded-live\/"},"modified":"2026-03-13T11:45:57","modified_gmt":"2026-03-13T09:45:57","slug":"little-stevie-wonder-the-12-year-old-genius-recorded-live","status":"publish","type":"product","link":"https:\/\/freshgarbage.fi\/en\/product\/little-stevie-wonder-the-12-year-old-genius-recorded-live\/","title":{"rendered":"Little Stevie Wonder \u2013 The 12 Year Old Genius &#8211; Recorded Live"},"content":{"rendered":"","protected":false},"excerpt":{"rendered":"<p>Alkuper\u00e4inen Kanada-painos.<\/p>\n<p>Hieman kevytt\u00e4 j\u00e4lke\u00e4, mutta soi hienosti. Vaimeaa ajoittaista rapsua voi esiinty\u00e4.<\/p>\n","protected":false},"featured_media":83484,"template":"","meta":{"_acf_changed":false},"product_brand":[],"product_cat":[132],"product_tag":[],"class_list":{"0":"post-83536","1":"product","2":"type-product","3":"status-publish","4":"has-post-thumbnail","6":"product_cat-soul-funk-disco-rnb-en","7":"pa_formaatti-lp-en","8":"pa_kaytetty-uusi-2nd-hand","10":"first","11":"instock","12":"shipping-taxable","13":"purchasable","14":"product-type-simple"},"acf":[],"_links":{"self":[{"href":"https:\/\/freshgarbage.fi\/en\/wp-json\/wp\/v2\/product\/83536","targetHints":{"allow":["GET"]}}],"collection":[{"href":"https:\/\/freshgarbage.fi\/en\/wp-json\/wp\/v2\/product"}],"about":[{"href":"https:\/\/freshgarbage.fi\/en\/wp-json\/wp\/v2\/types\/product"}],"wp:featuredmedia":[{"embeddable":true,"href":"https:\/\/freshgarbage.fi\/en\/wp-json\/wp\/v2\/media\/83484"}],"wp:attachment":[{"href":"https:\/\/freshgarbage.fi\/en\/wp-json\/wp\/v2\/media?parent=83536"}],"wp:term":[{"taxonomy":"product_brand","embeddable":true,"href":"https:\/\/freshgarbage.fi\/en\/wp-json\/wp\/v2\/product_brand?post=83536"},{"taxonomy":"product_cat","embeddable":true,"href":"https:\/\/freshgarbage.fi\/en\/wp-json\/wp\/v2\/product_cat?post=83536"},{"taxonomy":"product_tag","embeddable":true,"href":"https:\/\/freshgarbage.fi\/en\/wp-json\/wp\/v2\/product_tag?post=83536"}],"curies":[{"name":"wp","href":"https:\/\/api.w.org\/{rel}","templated":true}]}}