{"id":83359,"date":"2026-03-05T11:45:26","date_gmt":"2026-03-05T09:45:26","guid":{"rendered":"https:\/\/freshgarbage.fi\/tuote\/the-kinks-the-kinks-are-the-village-green-preservation-society\/"},"modified":"2026-03-19T11:49:13","modified_gmt":"2026-03-19T09:49:13","slug":"the-kinks-the-kinks-are-the-village-green-preservation-society","status":"publish","type":"product","link":"https:\/\/freshgarbage.fi\/en\/product\/the-kinks-the-kinks-are-the-village-green-preservation-society\/","title":{"rendered":"The Kinks \u2013 The Kinks Are The Village Green Preservation Society"},"content":{"rendered":"","protected":false},"excerpt":{"rendered":"<p>1980 UK-painos harmaa\/valkoisella -PYE etiketill\u00e4.<\/p>\n<p>Jonkin verran kevytt\u00e4 hiusj\u00e4lke\u00e4, soi hienosti.<\/p>\n","protected":false},"featured_media":83036,"template":"","meta":{"_acf_changed":false},"product_brand":[],"product_cat":[116],"product_tag":[],"class_list":{"0":"post-83359","1":"product","2":"type-product","3":"status-publish","4":"has-post-thumbnail","6":"product_cat-rock-pop-en","7":"pa_formaatti-lp-en","8":"pa_kaytetty-uusi-2nd-hand","10":"first","11":"outofstock","12":"shipping-taxable","13":"purchasable","14":"product-type-simple"},"acf":[],"_links":{"self":[{"href":"https:\/\/freshgarbage.fi\/en\/wp-json\/wp\/v2\/product\/83359","targetHints":{"allow":["GET"]}}],"collection":[{"href":"https:\/\/freshgarbage.fi\/en\/wp-json\/wp\/v2\/product"}],"about":[{"href":"https:\/\/freshgarbage.fi\/en\/wp-json\/wp\/v2\/types\/product"}],"wp:featuredmedia":[{"embeddable":true,"href":"https:\/\/freshgarbage.fi\/en\/wp-json\/wp\/v2\/media\/83036"}],"wp:attachment":[{"href":"https:\/\/freshgarbage.fi\/en\/wp-json\/wp\/v2\/media?parent=83359"}],"wp:term":[{"taxonomy":"product_brand","embeddable":true,"href":"https:\/\/freshgarbage.fi\/en\/wp-json\/wp\/v2\/product_brand?post=83359"},{"taxonomy":"product_cat","embeddable":true,"href":"https:\/\/freshgarbage.fi\/en\/wp-json\/wp\/v2\/product_cat?post=83359"},{"taxonomy":"product_tag","embeddable":true,"href":"https:\/\/freshgarbage.fi\/en\/wp-json\/wp\/v2\/product_tag?post=83359"}],"curies":[{"name":"wp","href":"https:\/\/api.w.org\/{rel}","templated":true}]}}