{"id":83354,"date":"2026-03-05T11:45:36","date_gmt":"2026-03-05T09:45:36","guid":{"rendered":"https:\/\/freshgarbage.fi\/tuote\/hurriganes-1978-1984\/"},"modified":"2026-03-05T11:45:36","modified_gmt":"2026-03-05T09:45:36","slug":"hurriganes-1978-1984","status":"publish","type":"product","link":"https:\/\/freshgarbage.fi\/en\/product\/hurriganes-1978-1984\/","title":{"rendered":"Hurriganes \u2013 1978-1984"},"content":{"rendered":"","protected":false},"excerpt":{"rendered":"<p>2LP. Alkuper\u00e4inen ja ainoa vinyylipainos.<\/p>\n<p>Joitakin kevyit\u00e4 pintaj\u00e4lki\u00e4, mutta soi hienosti.<\/p>\n<p>A1 Shorai Shorai<br \/>\nA2 Ruby Baby<br \/>\nA3 Money<br \/>\nA4 Desiree<br \/>\nA5 House Party<br \/>\nA6 Ya Ya<br \/>\nA7 Miss Betty<br \/>\nB1 Let&#8217;s Go Rocking Tonight<br \/>\nB2 Just For You<br \/>\nB3 Bye Bye<br \/>\nB4 Red House<br \/>\nB5 Cool It Down<br \/>\nB6 Gypsy Girl<br \/>\nB7 Heartbreak Woman<\/p>\n<p>C1 Bourbon Street<br \/>\nC2 Night&#8217;n Day<br \/>\nC3 Too Many Hours<br \/>\nC4 Hot City<br \/>\nC5 Let&#8217;s Have Party<br \/>\nC6 Blue Heaven<br \/>\nC7 Daddy&#8217;s Boy<br \/>\nD1 Love Me Only<br \/>\nD2 Indian Woman<br \/>\nD3 Rock&#8217;n&#8217; Roll Feaver<br \/>\nD4 Skyline<br \/>\nD5 Don&#8217;t Say Goodbye<br \/>\nD6 Fourty Night<\/p>\n","protected":false},"featured_media":83022,"template":"","meta":{"_acf_changed":false},"product_brand":[],"product_cat":[120],"product_tag":[],"class_list":{"0":"post-83354","1":"product","2":"type-product","3":"status-publish","4":"has-post-thumbnail","6":"product_cat-finnish","7":"pa_formaatti-lp-en","8":"pa_kaytetty-uusi-2nd-hand","10":"first","11":"instock","12":"shipping-taxable","13":"purchasable","14":"product-type-simple"},"acf":[],"_links":{"self":[{"href":"https:\/\/freshgarbage.fi\/en\/wp-json\/wp\/v2\/product\/83354","targetHints":{"allow":["GET"]}}],"collection":[{"href":"https:\/\/freshgarbage.fi\/en\/wp-json\/wp\/v2\/product"}],"about":[{"href":"https:\/\/freshgarbage.fi\/en\/wp-json\/wp\/v2\/types\/product"}],"wp:featuredmedia":[{"embeddable":true,"href":"https:\/\/freshgarbage.fi\/en\/wp-json\/wp\/v2\/media\/83022"}],"wp:attachment":[{"href":"https:\/\/freshgarbage.fi\/en\/wp-json\/wp\/v2\/media?parent=83354"}],"wp:term":[{"taxonomy":"product_brand","embeddable":true,"href":"https:\/\/freshgarbage.fi\/en\/wp-json\/wp\/v2\/product_brand?post=83354"},{"taxonomy":"product_cat","embeddable":true,"href":"https:\/\/freshgarbage.fi\/en\/wp-json\/wp\/v2\/product_cat?post=83354"},{"taxonomy":"product_tag","embeddable":true,"href":"https:\/\/freshgarbage.fi\/en\/wp-json\/wp\/v2\/product_tag?post=83354"}],"curies":[{"name":"wp","href":"https:\/\/api.w.org\/{rel}","templated":true}]}}