{"id":83319,"date":"2026-03-06T22:44:38","date_gmt":"2026-03-06T20:44:38","guid":{"rendered":"https:\/\/freshgarbage.fi\/tuote\/raivo-jackson-tangled-up-in-roots\/"},"modified":"2026-03-06T22:44:38","modified_gmt":"2026-03-06T20:44:38","slug":"raivo-jackson-tangled-up-in-roots","status":"publish","type":"product","link":"https:\/\/freshgarbage.fi\/en\/product\/raivo-jackson-tangled-up-in-roots\/","title":{"rendered":"Raivo Jackson \u2013 Tangled Up in Roots"},"content":{"rendered":"","protected":false},"excerpt":{"rendered":"<p>Raivo Jacksonin musiikin syvin olemus kiteytyy americanan, melankolian ja tarinoiden ymp\u00e4rille. Siit\u00e4 syntyy nordic noiria jonka tahdissa voi nauttia haikeasta kauneudesta. Tangled Up in Roots on perinteit\u00e4 albumikokonaisuus, joka on parhaimmillaan kuunneltuna alusta loppuun.<\/p>\n<p>A-puoli<br \/>\n1. Suspended Overture<br \/>\n2. Deathoscope<br \/>\n3. Swimming Under Ice<br \/>\n4. Better Not<br \/>\n5. Babes in the Woods<br \/>\n6. Have You Got the Key<br \/>\n7. Suspended<\/p>\n<p>B-puoli<br \/>\n1. Secret Mission for a Death Coach<br \/>\n2. Thin Air vol.2<br \/>\n3. Searching for the Real Thing<br \/>\n4. Fire Song Revisited<br \/>\n5. When Love Turns to Hate<\/p>\n<p>https:\/\/www.youtube.com\/watch?v=uPaRC3VqlJ4<\/p>\n","protected":false},"featured_media":83155,"template":"","meta":{"_acf_changed":false},"product_brand":[],"product_cat":[120,107],"product_tag":[],"class_list":{"0":"post-83319","1":"product","2":"type-product","3":"status-publish","4":"has-post-thumbnail","6":"product_cat-finnish","7":"product_cat-new","8":"pa_formaatti-lp-en","9":"pa_kaytetty-uusi-new","11":"first","12":"instock","13":"taxable","14":"shipping-taxable","15":"purchasable","16":"product-type-simple"},"acf":[],"_links":{"self":[{"href":"https:\/\/freshgarbage.fi\/en\/wp-json\/wp\/v2\/product\/83319","targetHints":{"allow":["GET"]}}],"collection":[{"href":"https:\/\/freshgarbage.fi\/en\/wp-json\/wp\/v2\/product"}],"about":[{"href":"https:\/\/freshgarbage.fi\/en\/wp-json\/wp\/v2\/types\/product"}],"wp:featuredmedia":[{"embeddable":true,"href":"https:\/\/freshgarbage.fi\/en\/wp-json\/wp\/v2\/media\/83155"}],"wp:attachment":[{"href":"https:\/\/freshgarbage.fi\/en\/wp-json\/wp\/v2\/media?parent=83319"}],"wp:term":[{"taxonomy":"product_brand","embeddable":true,"href":"https:\/\/freshgarbage.fi\/en\/wp-json\/wp\/v2\/product_brand?post=83319"},{"taxonomy":"product_cat","embeddable":true,"href":"https:\/\/freshgarbage.fi\/en\/wp-json\/wp\/v2\/product_cat?post=83319"},{"taxonomy":"product_tag","embeddable":true,"href":"https:\/\/freshgarbage.fi\/en\/wp-json\/wp\/v2\/product_tag?post=83319"}],"curies":[{"name":"wp","href":"https:\/\/api.w.org\/{rel}","templated":true}]}}