{"id":83306,"date":"2026-03-10T12:45:15","date_gmt":"2026-03-10T10:45:15","guid":{"rendered":"https:\/\/freshgarbage.fi\/tuote\/hijack-hold-no-hostage-doomsday-of-rap-maxi\/"},"modified":"2026-03-10T12:45:15","modified_gmt":"2026-03-10T10:45:15","slug":"hijack-hold-no-hostage-doomsday-of-rap-maxi","status":"publish","type":"product","link":"https:\/\/freshgarbage.fi\/en\/product\/hijack-hold-no-hostage-doomsday-of-rap-maxi\/","title":{"rendered":"Hijack \u2013 Hold No Hostage \/ Doomsday Of Rap MAXI"},"content":{"rendered":"","protected":false},"excerpt":{"rendered":"<p>Alkuper\u00e4inen UK-painos.<\/p>\n<p>Kansi ehj\u00e4 mutta nuhruinen, joitakin taitoksia. Jonkin verran kevytt\u00e4 j\u00e4lke\u00e4, soi hyvin.<\/p>\n<p>A1 Hold No Hostage 6:05<br \/>\nA2 Doomsday Of Rap 3:42<br \/>\nB1 Hold No Hostage (Instrumental) 4:35<br \/>\nB2 Doomsday Of Rap (Instrumental) 3:35<br \/>\nB3 The Sound Of The Knell<br \/>\nB4 The Drummer Of Doom<\/p>\n","protected":false},"featured_media":83198,"template":"","meta":{"_acf_changed":false},"product_brand":[],"product_cat":[123],"product_tag":[],"class_list":{"0":"post-83306","1":"product","2":"type-product","3":"status-publish","4":"has-post-thumbnail","6":"product_cat-hip-hop-rap-en","7":"pa_formaatti-12-en","8":"pa_kaytetty-uusi-2nd-hand","10":"first","11":"instock","12":"shipping-taxable","13":"purchasable","14":"product-type-simple"},"acf":[],"_links":{"self":[{"href":"https:\/\/freshgarbage.fi\/en\/wp-json\/wp\/v2\/product\/83306","targetHints":{"allow":["GET"]}}],"collection":[{"href":"https:\/\/freshgarbage.fi\/en\/wp-json\/wp\/v2\/product"}],"about":[{"href":"https:\/\/freshgarbage.fi\/en\/wp-json\/wp\/v2\/types\/product"}],"wp:featuredmedia":[{"embeddable":true,"href":"https:\/\/freshgarbage.fi\/en\/wp-json\/wp\/v2\/media\/83198"}],"wp:attachment":[{"href":"https:\/\/freshgarbage.fi\/en\/wp-json\/wp\/v2\/media?parent=83306"}],"wp:term":[{"taxonomy":"product_brand","embeddable":true,"href":"https:\/\/freshgarbage.fi\/en\/wp-json\/wp\/v2\/product_brand?post=83306"},{"taxonomy":"product_cat","embeddable":true,"href":"https:\/\/freshgarbage.fi\/en\/wp-json\/wp\/v2\/product_cat?post=83306"},{"taxonomy":"product_tag","embeddable":true,"href":"https:\/\/freshgarbage.fi\/en\/wp-json\/wp\/v2\/product_tag?post=83306"}],"curies":[{"name":"wp","href":"https:\/\/api.w.org\/{rel}","templated":true}]}}