{"id":83275,"date":"2026-03-10T14:01:19","date_gmt":"2026-03-10T12:01:19","guid":{"rendered":"https:\/\/freshgarbage.fi\/tuote\/saimaa-matka-mielen-ytimeen-vol-2\/"},"modified":"2026-03-10T14:01:19","modified_gmt":"2026-03-10T12:01:19","slug":"saimaa-matka-mielen-ytimeen-vol-2","status":"publish","type":"product","link":"https:\/\/freshgarbage.fi\/en\/product\/saimaa-matka-mielen-ytimeen-vol-2\/","title":{"rendered":"Ilmestyy 15.5.2026 \/ Saimaa \u2013 Matka mielen ytimeen, vol. 2"},"content":{"rendered":"","protected":false},"excerpt":{"rendered":"<p>ENNAKKOTILAUS. Ilmestyy 15.5.2026.<\/p>\n<p>T\u00e4t\u00e4 on odotettu: Saimaa palaa cover-versioiden ihmeelliseen maailmaan julkaisemalla jatko-osan Matka mielen ytimeen -albumille (2015). T\u00e4ll\u00e4kin kertaa on luvassa ei-niin-ilmeisi\u00e4 tulkintoja ei-niin-ilmeisist\u00e4 biiseist\u00e4 halki popmusiikin historian. Saimaan mielikuvitukselliseen k\u00e4sittelyyn on p\u00e4\u00e4tynyt Eppu Normaalin, Juice Leskisen, Dingon, Kirkan tai vaikkapa Jos\u00e9 Felicianon tunnetuksi tekemi\u00e4 kappaleita.<\/p>\n<p>1. HIPIT RAUTAA 4:25<br \/>\n2. YKS JA YKS 3:34<br \/>\n3. TEE KUIN LINTUNEN 3:09<br \/>\n4. NEIDON RY\u00d6ST\u00d6 3:14<br \/>\n5. SADE 3:08<br \/>\n6. EDESTAKAISIN 4:02<\/p>\n<p>7. ITKEV\u00c4 HUILU 5:22<br \/>\n8. VALOMERKKI 3:36<br \/>\n9. SOTILAAT, KANSAT, MAAT 3:11<br \/>\n10. SUPERMIES 3:04<br \/>\n11. EPITAFI 2:22<br \/>\n12. JESAHEL 3:34<\/p>\n","protected":false},"featured_media":83251,"template":"","meta":{"_acf_changed":false},"product_brand":[],"product_cat":[135,120,107],"product_tag":[],"class_list":{"0":"post-83275","1":"product","2":"type-product","3":"status-publish","4":"has-post-thumbnail","6":"product_cat-coming-soon","7":"product_cat-finnish","8":"product_cat-new","9":"pa_formaatti-lp-en","10":"pa_kaytetty-uusi-coming-soon","11":"pa_kaytetty-uusi-new","13":"first","14":"instock","15":"taxable","16":"shipping-taxable","17":"purchasable","18":"product-type-simple"},"acf":[],"_links":{"self":[{"href":"https:\/\/freshgarbage.fi\/en\/wp-json\/wp\/v2\/product\/83275","targetHints":{"allow":["GET"]}}],"collection":[{"href":"https:\/\/freshgarbage.fi\/en\/wp-json\/wp\/v2\/product"}],"about":[{"href":"https:\/\/freshgarbage.fi\/en\/wp-json\/wp\/v2\/types\/product"}],"wp:featuredmedia":[{"embeddable":true,"href":"https:\/\/freshgarbage.fi\/en\/wp-json\/wp\/v2\/media\/83251"}],"wp:attachment":[{"href":"https:\/\/freshgarbage.fi\/en\/wp-json\/wp\/v2\/media?parent=83275"}],"wp:term":[{"taxonomy":"product_brand","embeddable":true,"href":"https:\/\/freshgarbage.fi\/en\/wp-json\/wp\/v2\/product_brand?post=83275"},{"taxonomy":"product_cat","embeddable":true,"href":"https:\/\/freshgarbage.fi\/en\/wp-json\/wp\/v2\/product_cat?post=83275"},{"taxonomy":"product_tag","embeddable":true,"href":"https:\/\/freshgarbage.fi\/en\/wp-json\/wp\/v2\/product_tag?post=83275"}],"curies":[{"name":"wp","href":"https:\/\/api.w.org\/{rel}","templated":true}]}}