{"id":82959,"date":"2026-03-02T11:45:04","date_gmt":"2026-03-02T09:45:04","guid":{"rendered":"https:\/\/freshgarbage.fi\/tuote\/varttina-varttina\/"},"modified":"2026-03-02T11:45:04","modified_gmt":"2026-03-02T09:45:04","slug":"varttina-varttina","status":"publish","type":"product","link":"https:\/\/freshgarbage.fi\/en\/product\/varttina-varttina\/","title":{"rendered":"V\u00e4rttin\u00e4 \u2013 V\u00e4rttin\u00e4"},"content":{"rendered":"","protected":false},"excerpt":{"rendered":"<p>Alkuper\u00e4inen ja ainoa vinyylipainos. Liite mukana.<\/p>\n<p>Pient\u00e4 ringwearia kannessa n\u00e4ht\u00e4viss\u00e4. Varsin hyv\u00e4kuntoinen kokonaisuus.<\/p>\n","protected":false},"featured_media":82832,"template":"","meta":{"_acf_changed":false},"product_brand":[],"product_cat":[120,137],"product_tag":[],"class_list":{"0":"post-82959","1":"product","2":"type-product","3":"status-publish","4":"has-post-thumbnail","6":"product_cat-finnish","7":"product_cat-world-music-traditional-ethnic-en","8":"pa_formaatti-lp-en","9":"pa_kaytetty-uusi-2nd-hand","11":"first","12":"instock","13":"shipping-taxable","14":"purchasable","15":"product-type-simple"},"acf":[],"_links":{"self":[{"href":"https:\/\/freshgarbage.fi\/en\/wp-json\/wp\/v2\/product\/82959","targetHints":{"allow":["GET"]}}],"collection":[{"href":"https:\/\/freshgarbage.fi\/en\/wp-json\/wp\/v2\/product"}],"about":[{"href":"https:\/\/freshgarbage.fi\/en\/wp-json\/wp\/v2\/types\/product"}],"wp:featuredmedia":[{"embeddable":true,"href":"https:\/\/freshgarbage.fi\/en\/wp-json\/wp\/v2\/media\/82832"}],"wp:attachment":[{"href":"https:\/\/freshgarbage.fi\/en\/wp-json\/wp\/v2\/media?parent=82959"}],"wp:term":[{"taxonomy":"product_brand","embeddable":true,"href":"https:\/\/freshgarbage.fi\/en\/wp-json\/wp\/v2\/product_brand?post=82959"},{"taxonomy":"product_cat","embeddable":true,"href":"https:\/\/freshgarbage.fi\/en\/wp-json\/wp\/v2\/product_cat?post=82959"},{"taxonomy":"product_tag","embeddable":true,"href":"https:\/\/freshgarbage.fi\/en\/wp-json\/wp\/v2\/product_tag?post=82959"}],"curies":[{"name":"wp","href":"https:\/\/api.w.org\/{rel}","templated":true}]}}