{"id":82934,"date":"2026-03-02T11:45:57","date_gmt":"2026-03-02T09:45:57","guid":{"rendered":"https:\/\/freshgarbage.fi\/tuote\/johnny-cash-i-walk-the-line\/"},"modified":"2026-03-02T11:45:57","modified_gmt":"2026-03-02T09:45:57","slug":"johnny-cash-i-walk-the-line","status":"publish","type":"product","link":"https:\/\/freshgarbage.fi\/en\/product\/johnny-cash-i-walk-the-line\/","title":{"rendered":"Johnny Cash \u2013 I Walk The Line"},"content":{"rendered":"","protected":false},"excerpt":{"rendered":"<p>2LP. Limited Edition of 3,000 foil-stamped copies. Housed in tip-on gatefold sleeve.<\/p>\n<p>Specially plated and pressed on 180g high-definition vinyl.Mastered at Mobile Fidelity Sound Lab\u00ae, Sebastopol, CA on the GAIN 2 ULTRA ANALOG SYSTEM\u21221\/4&#8243; \/ 15 IPS analog mono master to DSD 256<\/p>\n<p>Kulmissa pient\u00e4 taipumaa. Hieman hentoa pintaj\u00e4lke\u00e4.<\/p>\n","protected":false},"featured_media":82847,"template":"","meta":{"_acf_changed":false},"product_brand":[],"product_cat":[128],"product_tag":[],"class_list":{"0":"post-82934","1":"product","2":"type-product","3":"status-publish","4":"has-post-thumbnail","6":"product_cat-country-country-rock-bluegrass-en","7":"pa_formaatti-lp-en","8":"pa_kaytetty-uusi-2nd-hand","10":"first","11":"instock","12":"shipping-taxable","13":"purchasable","14":"product-type-simple"},"acf":[],"_links":{"self":[{"href":"https:\/\/freshgarbage.fi\/en\/wp-json\/wp\/v2\/product\/82934","targetHints":{"allow":["GET"]}}],"collection":[{"href":"https:\/\/freshgarbage.fi\/en\/wp-json\/wp\/v2\/product"}],"about":[{"href":"https:\/\/freshgarbage.fi\/en\/wp-json\/wp\/v2\/types\/product"}],"wp:featuredmedia":[{"embeddable":true,"href":"https:\/\/freshgarbage.fi\/en\/wp-json\/wp\/v2\/media\/82847"}],"wp:attachment":[{"href":"https:\/\/freshgarbage.fi\/en\/wp-json\/wp\/v2\/media?parent=82934"}],"wp:term":[{"taxonomy":"product_brand","embeddable":true,"href":"https:\/\/freshgarbage.fi\/en\/wp-json\/wp\/v2\/product_brand?post=82934"},{"taxonomy":"product_cat","embeddable":true,"href":"https:\/\/freshgarbage.fi\/en\/wp-json\/wp\/v2\/product_cat?post=82934"},{"taxonomy":"product_tag","embeddable":true,"href":"https:\/\/freshgarbage.fi\/en\/wp-json\/wp\/v2\/product_tag?post=82934"}],"curies":[{"name":"wp","href":"https:\/\/api.w.org\/{rel}","templated":true}]}}