{"id":82724,"date":"2026-02-26T12:26:59","date_gmt":"2026-02-26T10:26:59","guid":{"rendered":"https:\/\/freshgarbage.fi\/tuote\/social-distortion-born-to-kill-pink-yellow-vinyl\/"},"modified":"2026-03-10T17:05:39","modified_gmt":"2026-03-10T15:05:39","slug":"social-distortion-born-to-kill-pink-yellow-vinyl","status":"publish","type":"product","link":"https:\/\/freshgarbage.fi\/en\/product\/social-distortion-born-to-kill-pink-yellow-vinyl\/","title":{"rendered":"Ilmestyy 8.5.2026 \/ Social Distortion \u2013 Born To Kill (pink &#038; yellow vinyl)"},"content":{"rendered":"","protected":false},"excerpt":{"rendered":"<p>Ennakkotilaus. Ilmestyy 8.5.2026.<\/p>\n<p>2LP. Pinkki\/keltainen vinyyli.<\/p>\n<p>Legendaarinen yhdysvaltalainen punk rock -yhtye Social Distortion julkaisee uuden albumin liki 15 vuoden j\u00e4lkeen. J\u00e4rjestyksess\u00e4\u00e4n kahdeksas studioalbumi Born To Kill ilmestyy 8. toukokuuta Epitaphin kautta. Levyn nimikkoraita on ulkona nyt musiikkivideon kera.<\/p>\n<p>Tiukalla groovella, tulisilla riffeill\u00e4 ja suurella p\u00e4\u00e4tt\u00e4v\u00e4isyydell\u00e4 esitetty nimikkoraita on t\u00e4ynn\u00e4 klassista Social Distortion -s\u00e4rm\u00e4\u00e4, mutta ei miss\u00e4\u00e4n nimess\u00e4 taivu nostalgian alttarin edess\u00e4. Yhdentoista kappaleen albumikokonaisuus on t\u00e4ynn\u00e4 rock&#8217;n&#8217;rollia, uhmaavaa asennetta ja el\u00e4m\u00e4nkolhuisia viisauksia, jotka ovat tehneet Mike Nessist\u00e4 sukupolvensa \u00e4\u00e4nen jo yli nelj\u00e4n vuosikymmenen ajan. Social Distortion ei sen kummemmin piilottele musiikillisia esikuviaan, vaan nostaa n\u00e4m\u00e4 ylpe\u00e4sti esille. T\u00e4n\u00e4\u00e4n julkaistu nimikkoraita kumartaa Lou Reedin, Iggy Popin ja David Bowien suuntaan.<\/p>\n<p>Albumin tuottajina toimivat Mike Ness ja Dave Sardy. Levyll\u00e4 vierailevat muun muassa Benmont Tench (Tom Petty and the Heartbreakers) ja Lucinda Williams, ja kansitaiteesta vastaavat Mike Ness ja Shepard Fairey.<\/p>\n<p>Born To Kill jatkaa vaikuttavaa katalogia, johon kuuluvat albumit Mommy&#8217;s Little Monster (1983), Prison Bound (1988), omaa nime\u00e4 kantava Social Distortion (1990), Somewhere Between Heaven and Hell (1992), White Light, White Heat, White Trash (1996), Sex, Love and Rock &#8216;n&#8217; Roll (2004) ja viimeisimp\u00e4n\u00e4 Hard Times and Nursery Rhymes (2011).<\/p>\n<p>A1 Born To Kill<br \/>\nA2 No Way Out<br \/>\nA3 The Way Things Were<br \/>\nA4 Tonight<br \/>\nB1 Partners In Crime<br \/>\nB2 Crazy Dreamer<br \/>\nB3 Wicked Game<br \/>\nB4 Walk Away (Don&#8217;t Look Back)<\/p>\n<p>C1 Never Goin&#8217; Back Again<br \/>\nC2 Don&#8217;t Keep Me Hanging On<br \/>\nC3 Over You<\/p>\n","protected":false},"featured_media":82578,"template":"","meta":{"_acf_changed":false},"product_brand":[],"product_cat":[135,107,114],"product_tag":[],"class_list":{"0":"post-82724","1":"product","2":"type-product","3":"status-publish","4":"has-post-thumbnail","6":"product_cat-coming-soon","7":"product_cat-new","8":"product_cat-punk-hardcore-psychobilly-en","9":"pa_formaatti-lp-en","10":"pa_kaytetty-uusi-coming-soon","11":"pa_kaytetty-uusi-new","13":"first","14":"instock","15":"taxable","16":"shipping-taxable","17":"purchasable","18":"product-type-simple"},"acf":[],"_links":{"self":[{"href":"https:\/\/freshgarbage.fi\/en\/wp-json\/wp\/v2\/product\/82724","targetHints":{"allow":["GET"]}}],"collection":[{"href":"https:\/\/freshgarbage.fi\/en\/wp-json\/wp\/v2\/product"}],"about":[{"href":"https:\/\/freshgarbage.fi\/en\/wp-json\/wp\/v2\/types\/product"}],"wp:featuredmedia":[{"embeddable":true,"href":"https:\/\/freshgarbage.fi\/en\/wp-json\/wp\/v2\/media\/82578"}],"wp:attachment":[{"href":"https:\/\/freshgarbage.fi\/en\/wp-json\/wp\/v2\/media?parent=82724"}],"wp:term":[{"taxonomy":"product_brand","embeddable":true,"href":"https:\/\/freshgarbage.fi\/en\/wp-json\/wp\/v2\/product_brand?post=82724"},{"taxonomy":"product_cat","embeddable":true,"href":"https:\/\/freshgarbage.fi\/en\/wp-json\/wp\/v2\/product_cat?post=82724"},{"taxonomy":"product_tag","embeddable":true,"href":"https:\/\/freshgarbage.fi\/en\/wp-json\/wp\/v2\/product_tag?post=82724"}],"curies":[{"name":"wp","href":"https:\/\/api.w.org\/{rel}","templated":true}]}}