{"id":82722,"date":"2026-02-26T12:27:26","date_gmt":"2026-02-26T10:27:26","guid":{"rendered":"https:\/\/freshgarbage.fi\/tuote\/ricky-tick-big-band-julkinen-sana-liikkuu\/"},"modified":"2026-02-26T12:27:26","modified_gmt":"2026-02-26T10:27:26","slug":"ricky-tick-big-band-julkinen-sana-liikkuu","status":"publish","type":"product","link":"https:\/\/freshgarbage.fi\/en\/product\/ricky-tick-big-band-julkinen-sana-liikkuu\/","title":{"rendered":"Ilmestyy 17.4.2026 \/ Ricky-Tick Big Band &#038; Julkinen Sana \u2013 Liikkuu"},"content":{"rendered":"","protected":false},"excerpt":{"rendered":"<p>Ennakotilaus. Ilmestyy 17.4.2026.<\/p>\n<p>20-henkinen rytmimusiikkikollektiivi Ricky-Tick Big Band &amp; Julkinen Sana julkaisee pitk\u00e4\u00e4n odotetun nelj\u00e4nnen albuminsa Liikkuu 17. huhtikuuta 2026. Yhtyeen liideri Valtteri Laurell P\u00f6yh\u00f6nen on s\u00e4velt\u00e4nyt yhdess\u00e4 solistien Palefacen, Tommy Lindgrenin ja kolmikon uuden j\u00e4senen F:n kanssa levyllisen t\u00e4ysin ajatonta musiikkia. Uuden albumin kappaleet ovat el\u00e4m\u00e4nmakuisia, nostattavia ja katkeransuloisiakin.<\/p>\n<p>Levyll\u00e4 ei kuulla vain r\u00e4ppi\u00e4 ja big band -jazzia, vaan sen tunnelmat vaihtelevat muun muassa modernista R&amp;B:st\u00e4 psykedeeliseen souliin ja hiphopista discoon. Lopputulos liikuttaa ja saa haukkomaan henke\u00e4. Liikkuu-albumin on masteroinut Grammy-palkittu Jonas W. Karlsson.<\/p>\n<p>Vuonna 2010 perustettu Ricky-Tick Big Band koostuu kotimaan eturivin jazzmuusikoista. Yhtyeess\u00e4 soittavat mm. saksofonistit Linda Fredriksson ja Pope Puolitaival, trumpetistit Jukka Eskola ja Kalevi Louhivuori sek\u00e4 basisti Antti L\u00f6tj\u00f6nen ja rumpali Jaska Lukkarinen.<\/p>\n<p>A1 Konttori auki<br \/>\nA2 Viisi kuukautta<br \/>\nA3 Itsest\u00e4\u00e4nselv\u00e4\u00e4<br \/>\nA4 Perinteinen bisnes<br \/>\nA5 Silta<br \/>\nB1 Sattuu ja tapahtuu<br \/>\nB2 Ep\u00e4varmuuksii<br \/>\nB3 Tien p\u00e4\u00e4l<br \/>\nB4 Almod\u00f3var<br \/>\nB5 Siel miss\u00e4 ei oo ennen oltu<\/p>\n","protected":false},"featured_media":82574,"template":"","meta":{"_acf_changed":false},"product_brand":[],"product_cat":[135,120,123,122,107],"product_tag":[],"class_list":{"0":"post-82722","1":"product","2":"type-product","3":"status-publish","4":"has-post-thumbnail","6":"product_cat-coming-soon","7":"product_cat-finnish","8":"product_cat-hip-hop-rap-en","9":"product_cat-jazz-fusion-en","10":"product_cat-new","11":"pa_formaatti-lp-en","12":"pa_kaytetty-uusi-coming-soon","13":"pa_kaytetty-uusi-new","15":"first","16":"instock","17":"taxable","18":"shipping-taxable","19":"purchasable","20":"product-type-simple"},"acf":[],"_links":{"self":[{"href":"https:\/\/freshgarbage.fi\/en\/wp-json\/wp\/v2\/product\/82722","targetHints":{"allow":["GET"]}}],"collection":[{"href":"https:\/\/freshgarbage.fi\/en\/wp-json\/wp\/v2\/product"}],"about":[{"href":"https:\/\/freshgarbage.fi\/en\/wp-json\/wp\/v2\/types\/product"}],"wp:featuredmedia":[{"embeddable":true,"href":"https:\/\/freshgarbage.fi\/en\/wp-json\/wp\/v2\/media\/82574"}],"wp:attachment":[{"href":"https:\/\/freshgarbage.fi\/en\/wp-json\/wp\/v2\/media?parent=82722"}],"wp:term":[{"taxonomy":"product_brand","embeddable":true,"href":"https:\/\/freshgarbage.fi\/en\/wp-json\/wp\/v2\/product_brand?post=82722"},{"taxonomy":"product_cat","embeddable":true,"href":"https:\/\/freshgarbage.fi\/en\/wp-json\/wp\/v2\/product_cat?post=82722"},{"taxonomy":"product_tag","embeddable":true,"href":"https:\/\/freshgarbage.fi\/en\/wp-json\/wp\/v2\/product_tag?post=82722"}],"curies":[{"name":"wp","href":"https:\/\/api.w.org\/{rel}","templated":true}]}}