{"id":82719,"date":"2026-02-26T13:10:36","date_gmt":"2026-02-26T11:10:36","guid":{"rendered":"https:\/\/freshgarbage.fi\/tuote\/asla-jo-papin-tytar\/"},"modified":"2026-02-26T13:10:36","modified_gmt":"2026-02-26T11:10:36","slug":"asla-jo-papin-tytar","status":"publish","type":"product","link":"https:\/\/freshgarbage.fi\/en\/product\/asla-jo-papin-tytar\/","title":{"rendered":"Ilmestyy 15.5.2026 \/ Asla Jo \u2013 Papin tyt\u00e4r"},"content":{"rendered":"","protected":false},"excerpt":{"rendered":"<p>ENNAKKOTILAUS. Ilmestyy 15.5.2026.<\/p>\n<p>Kotimaisen indie-musiikin t\u00e4hti Asla Jo julkaisee debyyttialbuminsa Papin tyt\u00e4r. Albumi sukeltaa identiteetin tutkiskelun maailmaan ja k\u00e4sittelee siihen kohdistuvia odotuksia. Teoksessa artisti tutkii muun muassa uskoa ja uskonnollisuutta, kv\u00e4\u00e4riytt\u00e4 ja sukupuolta sek\u00e4 sukupolvien ja yhteis\u00f6jen vaikutusta minuuteen. Kokonaisuus liikkuu yksin\u00e4isyyden, rakkauden n\u00e4l\u00e4n ja addiktion teemoissa, etsien samanaikaisesti kauneutta ja kipeytt\u00e4 todellisuuden ainutkertaisuudessa. N\u00e4in Asla Jo kuvailee albumin luonnetta:<\/p>\n<p>\u201cPapin tyt\u00e4r on jotain mit\u00e4 faktuaalisesti oon, mit\u00e4 mun pit\u00e4is tai ois pit\u00e4ny olla, jotain mihin en koskaan ylt\u00e4nyt ja nyky\u00e4\u00e4n jotain mit\u00e4 kaiken muun lis\u00e4ksi ylpe\u00e4sti oon.\u201d<\/p>\n<p>Albumia ovat edelt\u00e4neet singlet Pussailen tytt\u00f6jen kaa, Fantasia (feat. Kah Pao) ja Viistoista, jotka ovat saaneet l\u00e4mpim\u00e4n vastaanoton sosiaalisessa mediassa. Albumilla kuullaan Kah Paon lis\u00e4ksi muitakin yhteist\u00f6it\u00e4 kuten Pyh\u00e4koulu (feat. Hassan Maikal) sek\u00e4 Samal taval sisko (feat. Poikailona, Cecil Opia &amp; Kuopus). Albumin tekij\u00e4kaartiin lukeutuvat muun muassa Cecil Opia, Figaro, bndries, Mico Pellikka (Edicti), Helmi Hollstr\u00f6m ja Jouni Nikula. Papin tyt\u00e4r onkin kunnianosoitus yhteis\u00f6llisyydelle ja vahvalle yhteisty\u00f6lle niin tuotannon kuin kirjoittamisenkin saralla.<\/p>\n<p>\u201cEn malta oottaa, ett\u00e4 se on ulkona. Oon siit\u00e4 ihan yli ylpee!\u201d Asla Jo toteaa.<\/p>\n<p>Asla Jo l\u00e4htee t\u00e4n\u00e4 kev\u00e4\u00e4n\u00e4 my\u00f6s uransa ensimm\u00e4iselle kiertueelle, joka starttaa Vantaan Martinuksessa 13. maaliskuuta ja huipentuu virallisiin levyjulkkareihin Tavastialle 8. toukokuuta.<\/p>\n<p>ASLA JO \u2013 PAPIN TYT\u00c4R<\/p>\n<p>Rakas taivaan is\u00e4<br \/>\nIltat\u00e4hti<br \/>\nPussailen tytt\u00f6jen kaa<br \/>\nPyh\u00e4koulu (feat. Hassan Maikal)<br \/>\nViistoista<br \/>\nTuulia<br \/>\nKuurankukkia<br \/>\nTerveisii kotii<br \/>\nFantasia (feat. Kah Pao)<br \/>\nSamal taval sisko (feat. Poikailona, Cecil Opia &amp; Kuopus)<br \/>\nMummolle<br \/>\nEnnenku ollaan (Interlude)<br \/>\nT\u00e4htip\u00f6ly\u00e4<\/p>\n","protected":false},"featured_media":82584,"template":"","meta":{"_acf_changed":false},"product_brand":[],"product_cat":[135,120,107],"product_tag":[],"class_list":{"0":"post-82719","1":"product","2":"type-product","3":"status-publish","4":"has-post-thumbnail","6":"product_cat-coming-soon","7":"product_cat-finnish","8":"product_cat-new","9":"pa_formaatti-lp-en","10":"pa_kaytetty-uusi-coming-soon","11":"pa_kaytetty-uusi-new","13":"first","14":"instock","15":"taxable","16":"shipping-taxable","17":"purchasable","18":"product-type-simple"},"acf":[],"_links":{"self":[{"href":"https:\/\/freshgarbage.fi\/en\/wp-json\/wp\/v2\/product\/82719","targetHints":{"allow":["GET"]}}],"collection":[{"href":"https:\/\/freshgarbage.fi\/en\/wp-json\/wp\/v2\/product"}],"about":[{"href":"https:\/\/freshgarbage.fi\/en\/wp-json\/wp\/v2\/types\/product"}],"wp:featuredmedia":[{"embeddable":true,"href":"https:\/\/freshgarbage.fi\/en\/wp-json\/wp\/v2\/media\/82584"}],"wp:attachment":[{"href":"https:\/\/freshgarbage.fi\/en\/wp-json\/wp\/v2\/media?parent=82719"}],"wp:term":[{"taxonomy":"product_brand","embeddable":true,"href":"https:\/\/freshgarbage.fi\/en\/wp-json\/wp\/v2\/product_brand?post=82719"},{"taxonomy":"product_cat","embeddable":true,"href":"https:\/\/freshgarbage.fi\/en\/wp-json\/wp\/v2\/product_cat?post=82719"},{"taxonomy":"product_tag","embeddable":true,"href":"https:\/\/freshgarbage.fi\/en\/wp-json\/wp\/v2\/product_tag?post=82719"}],"curies":[{"name":"wp","href":"https:\/\/api.w.org\/{rel}","templated":true}]}}